{"id":3000101,"date":"2023-08-23T22:31:43","date_gmt":"2023-08-23T20:31:43","guid":{"rendered":"https:\/\/lotsdenadal.cat\/product\/regalo-gastronomico-sibarita-p-101\/"},"modified":"2025-09-18T02:12:51","modified_gmt":"2025-09-18T00:12:51","slug":"regalo-gastronomico-sibarita-p-101","status":"publish","type":"product","link":"https:\/\/lotsdenadal.cat\/es\/producto\/regalo-gastronomico-sibarita-p-101\/","title":{"rendered":"Regalo Gastron\u00f3mico Sibarita P-101"},"content":{"rendered":"<div class=\"row\"  id=\"row-1995918912\">\r\n\r\n\n\t<div id=\"col-1796291445\" class=\"col medium-12 small-12 large-12\"  >\n\t\t\t\t<div class=\"col-inner text-left\" style=\"background-color:rgb(255, 255, 255);\" >\n\t\t\t\n\t\t\t\r\n\r\n<div class=\"row\"  id=\"row-832778669\">\r\n\r\n\n\t<div id=\"col-892613385\" class=\"col small-12 large-12\"  >\n\t\t\t\t<div class=\"col-inner\" style=\"background-color:rgb(255, 255, 255);\" >\n\t\t\t\n\t\t\t\r\n\r\n<div class=\"is-divider divider clearfix\" style=\"max-width:470px;height:2px;\"><\/div>\r\n\r\n<h2><span style=\"background-color: #ffffff; color: #333333; font-size: 105%;\">ALGUNAS JOYAS GASTRON\u00d3MICAS <br \/>DEL LOTE DE NAVIDAD SON...<\/span>\u00a0 <img decoding=\"async\" style=\"margin-bottom: 4px;\" title=\"regals gastron\u00f2mics\" src=\"\/wp-content\/uploads\/2023\/06\/logo-estrella.png\" alt=\"regals gastron\u00f2mics\" width=\"35\"\/><\/h2>\r\n\r\n\t\t<\/div>\n\t\t\t\t\n<style>\n#col-892613385 > .col-inner {\n  padding: 0px 0px 0px 0px;\n  margin: 0px 0px -35px 0px;\n}\n<\/style>\n\t<\/div>\n\n\t\r\n\r\n<\/div>\r\n\r\n\t\t<\/div>\n\t\t\t\t\t<\/div>\n\n\t\r\n\r\n<\/div>\n<div class=\"row align-middle\"  id=\"row-1924057700\">\r\n\r\n\n\t<div id=\"col-613612091\" class=\"col medium-7 small-12 large-4\"  >\n\t\t\t\t<div class=\"col-inner\"  >\n\t\t\t\n\t\t\t\r\n\r\n<h4><a href=\"https:\/\/shop.cocaifito.cat\/es\/products\/coca-i-fito-dambre\" target=\"_blank\" rel=\"noopener\">VINO DULCE BODEGA COCA I FIT\u00d3<\/a><\/h4>\r\n<p>Vino dulce de cosecha tard\u00eda, elaborado con garnacha blanca procedente de vi\u00f1as viejas. Crianza de 12 meses en barricas peque\u00f1as de roble franc\u00e9s. Presenta un color \u00e1mbar brillante y aromas a frutas secas, miel, piel de naranja confitada y frutos secos. Ideal como aperitivo o para maridar con quesos suaves, foie gras, frutos secos y platos con ciruelas o membrillo.<\/p>\r\n\r\n\t\t<\/div>\n\t\t\t\t\t<\/div>\n\n\t\r\n\n\t<div id=\"col-270920115\" class=\"col hide-for-medium medium-5 small-12 large-3\"  >\n\t\t\t\t<div class=\"col-inner\"  >\n\t\t\t\n\t\t\t\r\n\r\n\n  <div class=\"banner has-hover\" id=\"banner-1395400340\">\n          <div class=\"banner-inner fill\">\n        <div class=\"banner-bg fill\" >\n                                                \n                    <\/div>\n\t\t\n        <div class=\"banner-layers container\">\n            <div class=\"fill banner-link\"><\/div>            \r\n\r\n\t<div class=\"img has-hover x50 md-x50 lg-x50 y50 md-y50 lg-y50\" id=\"image_593578169\">\n\t\t\t\t\t\t\t\t<div class=\"img-inner dark\" >\n\t\t\t<img loading=\"lazy\" decoding=\"async\" width=\"1024\" height=\"1024\" src=\"https:\/\/lotsdenadal.cat\/wp-content\/uploads\/2025\/09\/pb-vi-dolc-ambre.jpg\" class=\"attachment-original size-original\" alt=\"Vino dulce Ambre Coca i Fit\u00f3\" srcset=\"https:\/\/lotsdenadal.cat\/wp-content\/uploads\/2025\/09\/pb-vi-dolc-ambre.jpg 1024w, https:\/\/lotsdenadal.cat\/wp-content\/uploads\/2025\/09\/pb-vi-dolc-ambre-400x400.jpg 400w, https:\/\/lotsdenadal.cat\/wp-content\/uploads\/2025\/09\/pb-vi-dolc-ambre-800x800.jpg 800w, https:\/\/lotsdenadal.cat\/wp-content\/uploads\/2025\/09\/pb-vi-dolc-ambre-280x280.jpg 280w, https:\/\/lotsdenadal.cat\/wp-content\/uploads\/2025\/09\/pb-vi-dolc-ambre-768x768.jpg 768w, https:\/\/lotsdenadal.cat\/wp-content\/uploads\/2025\/09\/pb-vi-dolc-ambre-100x100.jpg 100w\" sizes=\"auto, (max-width: 1024px) 100vw, 1024px\" \/>\t\t\t\t\t\t\n\t\t\t\t\t<\/div>\n\t\t\t\t\t\t\t\t\n<style>\n#image_593578169 {\n  width: 35%;\n}\n@media (min-width:550px) {\n  #image_593578169 {\n    width: 100%;\n  }\n}\n@media (min-width:850px) {\n  #image_593578169 {\n    width: 60%;\n  }\n}\n<\/style>\n\t<\/div>\n\t\r\n\r\n\r\n        <\/div>\n      <\/div>\n\n            \n<style>\n#banner-1395400340 {\n  padding-top: 200px;\n  background-color: rgb(255,255,255);\n}\n@media (min-width:850px) {\n  #banner-1395400340 {\n    padding-top: 200px;\n  }\n}\n<\/style>\n  <\/div>\n\n\r\n\r\n\t\t<\/div>\n\t\t\t\t\t<\/div>\n\n\t\r\n\n\t<div id=\"col-1773237728\" class=\"col medium-5 small-12 large-5\"  >\n\t\t\t\t<div class=\"col-inner text-center\"  >\n\t\t\t\n\t\t\t\r\n\r\n\n  <div class=\"banner has-hover\" id=\"banner-2035927196\">\n          <div class=\"banner-inner fill\">\n        <div class=\"banner-bg fill\" >\n            <img loading=\"lazy\" decoding=\"async\" width=\"550\" height=\"250\" src=\"https:\/\/lotsdenadal.cat\/wp-content\/uploads\/2025\/09\/pb-vi-dolc-ambre-b.jpg\" class=\"bg attachment-large size-large\" alt=\"Coca i Fit\u00f3\" \/>                                    \n                    <\/div>\n\t\t\n        <div class=\"banner-layers container\">\n            <div class=\"fill banner-link\"><\/div>            \r\n\r\n\r\n        <\/div>\n      <\/div>\n\n            \n<style>\n#banner-2035927196 {\n  padding-top: 180px;\n  background-color: rgb(255, 255, 255);\n}\n#banner-2035927196 .banner-bg img {\n  object-position: 49% 56%;\n}\n@media (min-width:550px) {\n  #banner-2035927196 {\n    padding-top: 190px;\n  }\n}\n@media (min-width:850px) {\n  #banner-2035927196 {\n    padding-top: 200px;\n  }\n}\n<\/style>\n  <\/div>\n\n\r\n\r\n\t\t<\/div>\n\t\t\t\t\t<\/div>\n\n\t\r\n\r\n<\/div>\n<div class=\"row align-middle\"  id=\"row-1238198111\">\n\n\n\t<div id=\"col-467355619\" class=\"col medium-7 small-12 large-4\"  >\n\t\t\t\t<div class=\"col-inner\"  >\n\t\t\t\n\t\t\t\n\n<h4><a href=\"https:\/\/www.escalfet.com\/producte\/carquinyolis-artesans-perles-de-xocolata-200gr\" target=\"_blank\" rel=\"noopener\">CARQUINYOLIS CHOCOLATE ESCALFET<\/a><\/h4>\n<p>La pasi\u00f3n por el chocolate ha llevado a Carquinyolis Escalfet a elaborar una nueva receta. Siempre manteniendo el crujiente y el almendrado, las perlas de chocolate negro en su interior aportan intensidad y fragancia. Cada bocado es un testimonio del compromiso de Carquinyolis Escalfet con la excelencia. Son el complemento perfecto que sorprender\u00e1 cualquier sobremesa.<\/p>\n\n\t\t<\/div>\n\t\t\t\t\t<\/div>\n\n\t\n\n\t<div id=\"col-893698009\" class=\"col hide-for-medium medium-5 small-12 large-3\"  >\n\t\t\t\t<div class=\"col-inner\"  >\n\t\t\t\n\t\t\t\n\n\n  <div class=\"banner has-hover\" id=\"banner-2122991445\">\n          <div class=\"banner-inner fill\">\n        <div class=\"banner-bg fill\" >\n                                                \n                    <\/div>\n\t\t\n        <div class=\"banner-layers container\">\n            <div class=\"fill banner-link\"><\/div>            \n\n\t<div class=\"img has-hover x50 md-x50 lg-x50 y50 md-y50 lg-y50\" id=\"image_1750347467\">\n\t\t\t\t\t\t\t\t<div class=\"img-inner dark\" >\n\t\t\t<img loading=\"lazy\" decoding=\"async\" width=\"500\" height=\"500\" src=\"https:\/\/lotsdenadal.cat\/wp-content\/uploads\/2023\/10\/pd-escalfet-carquinyolis-xocolata.jpg\" class=\"attachment-original size-original\" alt=\"Carqui\u00f1olis artesanos chocolate Escalfet estuche dulces catalanes\" srcset=\"https:\/\/lotsdenadal.cat\/wp-content\/uploads\/2023\/10\/pd-escalfet-carquinyolis-xocolata.jpg 500w, https:\/\/lotsdenadal.cat\/wp-content\/uploads\/2023\/10\/pd-escalfet-carquinyolis-xocolata-400x400.jpg 400w, https:\/\/lotsdenadal.cat\/wp-content\/uploads\/2023\/10\/pd-escalfet-carquinyolis-xocolata-280x280.jpg 280w, https:\/\/lotsdenadal.cat\/wp-content\/uploads\/2023\/10\/pd-escalfet-carquinyolis-xocolata-100x100.jpg 100w\" sizes=\"auto, (max-width: 500px) 100vw, 500px\" \/>\t\t\t\t\t\t\n\t\t\t\t\t<\/div>\n\t\t\t\t\t\t\t\t\n<style>\n#image_1750347467 {\n  width: 35%;\n}\n@media (min-width:550px) {\n  #image_1750347467 {\n    width: 100%;\n  }\n}\n@media (min-width:850px) {\n  #image_1750347467 {\n    width: 60%;\n  }\n}\n<\/style>\n\t<\/div>\n\t\n\n\n        <\/div>\n      <\/div>\n\n            \n<style>\n#banner-2122991445 {\n  padding-top: 200px;\n  background-color: rgb(255,255,255);\n}\n@media (min-width:850px) {\n  #banner-2122991445 {\n    padding-top: 200px;\n  }\n}\n<\/style>\n  <\/div>\n\n\n\n\t\t<\/div>\n\t\t\t\t\t<\/div>\n\n\t\n\n\t<div id=\"col-585712666\" class=\"col medium-5 small-12 large-5\"  >\n\t\t\t\t<div class=\"col-inner text-center\"  >\n\t\t\t\n\t\t\t\n\n\n  <div class=\"banner has-hover\" id=\"banner-1256851205\">\n          <div class=\"banner-inner fill\">\n        <div class=\"banner-bg fill\" >\n            <img loading=\"lazy\" decoding=\"async\" width=\"550\" height=\"250\" src=\"https:\/\/lotsdenadal.cat\/wp-content\/uploads\/2023\/10\/pd-escalfet-carquinyolis-xocolata-b.jpg\" class=\"bg attachment-large size-large\" alt=\"Carqui\u00f1olis artesanos chocolate Escalfet estuche dulces catalanes\" \/>                                    \n                    <\/div>\n\t\t\n        <div class=\"banner-layers container\">\n            <div class=\"fill banner-link\"><\/div>            \n\n\n        <\/div>\n      <\/div>\n\n            \n<style>\n#banner-1256851205 {\n  padding-top: 180px;\n  background-color: rgb(255, 255, 255);\n}\n#banner-1256851205 .banner-bg img {\n  object-position: 49% 56%;\n}\n@media (min-width:550px) {\n  #banner-1256851205 {\n    padding-top: 190px;\n  }\n}\n@media (min-width:850px) {\n  #banner-1256851205 {\n    padding-top: 200px;\n  }\n}\n<\/style>\n  <\/div>\n\n\n\n\t\t<\/div>\n\t\t\t\t\t<\/div>\n\n\t\n\n<\/div>\n","protected":false},"excerpt":{"rendered":"<h4><span style=\"font-size: 27px; line-height: 0.8 em; font-weight: 200; color:#877d80;\">Pack Sibarita | 2 productos <\/span><\/h4>\n<ul>\n<li>\n<tr>\n<td><span style=\"font-size: 87%\">&nbsp;&nbsp;&nbsp;&nbsp;D\u2019Ambre. Vino dulce con uvas de vi\u00f1as viejas de garnacha Gran Or Vinari Coca i Fit\u00f3<\/span><\/td>\n<td><img decoding=\"async\" src=\"\/wp-content\/uploads\/2023\/09\/vinari-or.png\" title=\"Premis Vinari\" alt=\"Premis Vinari\" width=\"25\"\/><\/td>\n<\/tr>\n<\/li>\n<li>\n<tr>\n<td><span style=\"font-size: 87%\">&nbsp;&nbsp;&nbsp;&nbsp;Carqui\u00f1olis artesanos con perlas de chocolate 2* Great Taste 2020 Escalfet 200 g.<\/span><\/td>\n<td><img decoding=\"async\" src=\"\/wp-content\/uploads\/2023\/09\/great-taste-2.png\" title=\"Great Taste\" alt=\"Great Taste\" width=\"25\"\/><\/td>\n<\/tr>\n<\/li>\n<\/ul>\n<\/div>\n","protected":false},"featured_media":500711,"template":"","meta":{"_monsterinsights_skip_tracking":false,"_monsterinsights_sitenote_active":false,"_monsterinsights_sitenote_note":"","_monsterinsights_sitenote_category":0},"product_brand":[],"product_cat":[350,125,100,163,164],"product_tag":[132,162,134],"class_list":{"0":"post-3000101","1":"product","2":"type-product","3":"status-publish","4":"has-post-thumbnail","6":"product_cat-cestas-de-navidad-premium","7":"product_cat-todos","8":"product_cat-hasta-49-95-euros","9":"product_cat-regalos-de-empresa","10":"product_cat-desde-17-95-euros","11":"product_tag-dulces-es","12":"product_tag-pack-sibarita-es","13":"product_tag-regalos-gastronomicos-es","15":"first","16":"instock","17":"taxable","18":"shipping-taxable","19":"purchasable","20":"product-type-simple"},"group_of_quantity":0,"min_quantity":0,"max_quantity":"","exclude_order_quantity_value_rules":"no","exclude_category_quantity_rules":"no","combine_variations":"no","yoast_head":"<!-- This site is optimized with the Yoast SEO Premium plugin v25.8 (Yoast SEO v25.8) - https:\/\/yoast.com\/wordpress\/plugins\/seo\/ -->\n<title>Regalo Gastron\u00f3mico Sibarita P-101 | Harcogourmet<\/title>\n<meta name=\"description\" content=\"\u00bfBuscas Regalos Gastron\u00f3micos? El Regalo Gastron\u00f3mico Sibarita P-101 es un Regalo Gastron\u00f3mico con productos de proximidad. Elige tus Regalos Gastron\u00f3micos\" \/>\n<meta name=\"robots\" content=\"index, follow, max-snippet:-1, max-image-preview:large, max-video-preview:-1\" \/>\n<link rel=\"canonical\" href=\"https:\/\/lotsdenadal.cat\/es\/producto\/regalo-gastronomico-sibarita-p-101\/\" \/>\n<meta property=\"og:locale\" content=\"es_ES\" \/>\n<meta property=\"og:type\" content=\"article\" \/>\n<meta property=\"og:title\" content=\"Regalo Gastron\u00f3mico Sibarita P-101\" \/>\n<meta property=\"og:description\" content=\"\u00bfBuscas Regalos Gastron\u00f3micos? El Regalo Gastron\u00f3mico Sibarita P-101 es un Regalo Gastron\u00f3mico con productos de proximidad. Elige tus Regalos Gastron\u00f3micos\" \/>\n<meta property=\"og:url\" content=\"https:\/\/lotsdenadal.cat\/es\/producto\/regalo-gastronomico-sibarita-p-101\/\" \/>\n<meta property=\"og:site_name\" content=\"Lotes de Navidad\" \/>\n<meta property=\"article:publisher\" content=\"https:\/\/facebook.com\/harcogourmet\" \/>\n<meta property=\"article:modified_time\" content=\"2025-09-18T00:12:51+00:00\" \/>\n<meta property=\"og:image\" content=\"https:\/\/lotsdenadal.cat\/wp-content\/uploads\/2023\/08\/regal-gastronomic-sibarita-P-101.jpg\" \/>\n\t<meta property=\"og:image:width\" content=\"1500\" \/>\n\t<meta property=\"og:image:height\" content=\"1500\" \/>\n\t<meta property=\"og:image:type\" content=\"image\/jpeg\" \/>\n<meta name=\"twitter:card\" content=\"summary_large_image\" \/>\n<meta name=\"twitter:site\" content=\"@harcogourmet\" \/>\n<meta name=\"twitter:label1\" content=\"Precio\" \/>\n\t<meta name=\"twitter:data1\" content=\"46,95&nbsp;&euro; + IVA\" \/>\n\t<meta name=\"twitter:label2\" content=\"Disponibilidad\" \/>\n\t<meta name=\"twitter:data2\" content=\"Disponible\" \/>\n<script type=\"application\/ld+json\" class=\"yoast-schema-graph\">{\"@context\":\"https:\/\/schema.org\",\"@graph\":[{\"@type\":\"WebPage\",\"@id\":\"https:\/\/lotsdenadal.cat\/es\/producto\/regalo-gastronomico-sibarita-p-101\/\",\"url\":\"https:\/\/lotsdenadal.cat\/es\/producto\/regalo-gastronomico-sibarita-p-101\/\",\"name\":\"Regalo Gastron\u00f3mico Sibarita P-101 | Harcogourmet\",\"isPartOf\":{\"@id\":\"https:\/\/lotsdenadal.cat\/es\/#website\"},\"primaryImageOfPage\":{\"@id\":\"https:\/\/lotsdenadal.cat\/es\/producto\/regalo-gastronomico-sibarita-p-101\/#primaryimage\"},\"image\":{\"@id\":\"https:\/\/lotsdenadal.cat\/es\/producto\/regalo-gastronomico-sibarita-p-101\/#primaryimage\"},\"thumbnailUrl\":\"https:\/\/lotsdenadal.cat\/wp-content\/uploads\/2023\/08\/regal-gastronomic-sibarita-P-101.jpg\",\"datePublished\":\"2023-08-23T20:31:43+00:00\",\"dateModified\":\"2025-09-18T00:12:51+00:00\",\"description\":\"\u00bfBuscas Regalos Gastron\u00f3micos? El Regalo Gastron\u00f3mico Sibarita P-101 es un Regalo Gastron\u00f3mico con productos de proximidad. Elige tus Regalos Gastron\u00f3micos\",\"breadcrumb\":{\"@id\":\"https:\/\/lotsdenadal.cat\/es\/producto\/regalo-gastronomico-sibarita-p-101\/#breadcrumb\"},\"inLanguage\":\"es\",\"potentialAction\":[{\"@type\":\"ReadAction\",\"target\":[\"https:\/\/lotsdenadal.cat\/es\/producto\/regalo-gastronomico-sibarita-p-101\/\"]}]},{\"@type\":\"ImageObject\",\"inLanguage\":\"es\",\"@id\":\"https:\/\/lotsdenadal.cat\/es\/producto\/regalo-gastronomico-sibarita-p-101\/#primaryimage\",\"url\":\"https:\/\/lotsdenadal.cat\/wp-content\/uploads\/2023\/08\/regal-gastronomic-sibarita-P-101.jpg\",\"contentUrl\":\"https:\/\/lotsdenadal.cat\/wp-content\/uploads\/2023\/08\/regal-gastronomic-sibarita-P-101.jpg\",\"width\":1500,\"height\":1500,\"caption\":\"Regalo Gastron\u00f3mico, Pack Sibarita P-101, regalo empresa, detalle empresa\"},{\"@type\":\"BreadcrumbList\",\"@id\":\"https:\/\/lotsdenadal.cat\/es\/producto\/regalo-gastronomico-sibarita-p-101\/#breadcrumb\",\"itemListElement\":[{\"@type\":\"ListItem\",\"position\":1,\"name\":\"Inicio\",\"item\":\"https:\/\/lotsdenadal.cat\/es\/\"},{\"@type\":\"ListItem\",\"position\":2,\"name\":\"Elige tu Cesta de Navidad\",\"item\":\"https:\/\/lotsdenadal.cat\/es\/elige-tu-lote-de-navidad\/\"},{\"@type\":\"ListItem\",\"position\":3,\"name\":\"Regalo Gastron\u00f3mico Sibarita P-101\"}]},{\"@type\":\"WebSite\",\"@id\":\"https:\/\/lotsdenadal.cat\/es\/#website\",\"url\":\"https:\/\/lotsdenadal.cat\/es\/\",\"name\":\"Lots de Nadal Harcogourmet\",\"description\":\"Lotes de Navidad con productos catalanes\",\"publisher\":{\"@id\":\"https:\/\/lotsdenadal.cat\/es\/#organization\"},\"alternateName\":\"LN Harcogourmet\",\"potentialAction\":[{\"@type\":\"SearchAction\",\"target\":{\"@type\":\"EntryPoint\",\"urlTemplate\":\"https:\/\/lotsdenadal.cat\/es\/?s={search_term_string}\"},\"query-input\":{\"@type\":\"PropertyValueSpecification\",\"valueRequired\":true,\"valueName\":\"search_term_string\"}}],\"inLanguage\":\"es\"},{\"@type\":\"Organization\",\"@id\":\"https:\/\/lotsdenadal.cat\/es\/#organization\",\"name\":\"Lotes de Navidad Harcogourmet\",\"alternateName\":\"Harcogourmet\",\"url\":\"https:\/\/lotsdenadal.cat\/es\/\",\"logo\":{\"@type\":\"ImageObject\",\"inLanguage\":\"es\",\"@id\":\"https:\/\/lotsdenadal.cat\/es\/#\/schema\/logo\/image\/\",\"url\":\"https:\/\/lotsdenadal.cat\/wp-content\/uploads\/2023\/06\/HG_negre.png\",\"contentUrl\":\"https:\/\/lotsdenadal.cat\/wp-content\/uploads\/2023\/06\/HG_negre.png\",\"width\":604,\"height\":108,\"caption\":\"Lotes de Navidad Harcogourmet\"},\"image\":{\"@id\":\"https:\/\/lotsdenadal.cat\/es\/#\/schema\/logo\/image\/\"},\"sameAs\":[\"https:\/\/facebook.com\/harcogourmet\",\"https:\/\/x.com\/harcogourmet\",\"https:\/\/instagram.com\/harcogourmet\",\"https:\/\/www.linkedin.com\/company\/3240347\/\",\"https:\/\/www.youtube.com\/channel\/UCoWNvGkEBJxGoCzwURxSrcQ\"]}]}<\/script>\n<meta property=\"product:price:amount\" content=\"46.95\" \/>\n<meta property=\"product:price:currency\" content=\"EUR\" \/>\n<meta property=\"og:availability\" content=\"instock\" \/>\n<meta property=\"product:availability\" content=\"instock\" \/>\n<meta property=\"product:retailer_item_id\" content=\"25SP_0101\" \/>\n<meta property=\"product:condition\" content=\"new\" \/>\n<!-- \/ Yoast SEO Premium plugin. -->","yoast_head_json":{"title":"Regalo Gastron\u00f3mico Sibarita P-101 | Harcogourmet","description":"\u00bfBuscas Regalos Gastron\u00f3micos? El Regalo Gastron\u00f3mico Sibarita P-101 es un Regalo Gastron\u00f3mico con productos de proximidad. Elige tus Regalos Gastron\u00f3micos","robots":{"index":"index","follow":"follow","max-snippet":"max-snippet:-1","max-image-preview":"max-image-preview:large","max-video-preview":"max-video-preview:-1"},"canonical":"https:\/\/lotsdenadal.cat\/es\/producto\/regalo-gastronomico-sibarita-p-101\/","og_locale":"es_ES","og_type":"article","og_title":"Regalo Gastron\u00f3mico Sibarita P-101","og_description":"\u00bfBuscas Regalos Gastron\u00f3micos? El Regalo Gastron\u00f3mico Sibarita P-101 es un Regalo Gastron\u00f3mico con productos de proximidad. Elige tus Regalos Gastron\u00f3micos","og_url":"https:\/\/lotsdenadal.cat\/es\/producto\/regalo-gastronomico-sibarita-p-101\/","og_site_name":"Lotes de Navidad","article_publisher":"https:\/\/facebook.com\/harcogourmet","article_modified_time":"2025-09-18T00:12:51+00:00","og_image":[{"width":1500,"height":1500,"url":"https:\/\/lotsdenadal.cat\/wp-content\/uploads\/2023\/08\/regal-gastronomic-sibarita-P-101.jpg","type":"image\/jpeg"}],"twitter_card":"summary_large_image","twitter_site":"@harcogourmet","twitter_misc":{"Precio":"46,95&nbsp;&euro; + IVA","Disponibilidad":"Disponible"},"schema":{"@context":"https:\/\/schema.org","@graph":[{"@type":"WebPage","@id":"https:\/\/lotsdenadal.cat\/es\/producto\/regalo-gastronomico-sibarita-p-101\/","url":"https:\/\/lotsdenadal.cat\/es\/producto\/regalo-gastronomico-sibarita-p-101\/","name":"Regalo Gastron\u00f3mico Sibarita P-101 | Harcogourmet","isPartOf":{"@id":"https:\/\/lotsdenadal.cat\/es\/#website"},"primaryImageOfPage":{"@id":"https:\/\/lotsdenadal.cat\/es\/producto\/regalo-gastronomico-sibarita-p-101\/#primaryimage"},"image":{"@id":"https:\/\/lotsdenadal.cat\/es\/producto\/regalo-gastronomico-sibarita-p-101\/#primaryimage"},"thumbnailUrl":"https:\/\/lotsdenadal.cat\/wp-content\/uploads\/2023\/08\/regal-gastronomic-sibarita-P-101.jpg","datePublished":"2023-08-23T20:31:43+00:00","dateModified":"2025-09-18T00:12:51+00:00","description":"\u00bfBuscas Regalos Gastron\u00f3micos? El Regalo Gastron\u00f3mico Sibarita P-101 es un Regalo Gastron\u00f3mico con productos de proximidad. Elige tus Regalos Gastron\u00f3micos","breadcrumb":{"@id":"https:\/\/lotsdenadal.cat\/es\/producto\/regalo-gastronomico-sibarita-p-101\/#breadcrumb"},"inLanguage":"es","potentialAction":[{"@type":"ReadAction","target":["https:\/\/lotsdenadal.cat\/es\/producto\/regalo-gastronomico-sibarita-p-101\/"]}]},{"@type":"ImageObject","inLanguage":"es","@id":"https:\/\/lotsdenadal.cat\/es\/producto\/regalo-gastronomico-sibarita-p-101\/#primaryimage","url":"https:\/\/lotsdenadal.cat\/wp-content\/uploads\/2023\/08\/regal-gastronomic-sibarita-P-101.jpg","contentUrl":"https:\/\/lotsdenadal.cat\/wp-content\/uploads\/2023\/08\/regal-gastronomic-sibarita-P-101.jpg","width":1500,"height":1500,"caption":"Regalo Gastron\u00f3mico, Pack Sibarita P-101, regalo empresa, detalle empresa"},{"@type":"BreadcrumbList","@id":"https:\/\/lotsdenadal.cat\/es\/producto\/regalo-gastronomico-sibarita-p-101\/#breadcrumb","itemListElement":[{"@type":"ListItem","position":1,"name":"Inicio","item":"https:\/\/lotsdenadal.cat\/es\/"},{"@type":"ListItem","position":2,"name":"Elige tu Cesta de Navidad","item":"https:\/\/lotsdenadal.cat\/es\/elige-tu-lote-de-navidad\/"},{"@type":"ListItem","position":3,"name":"Regalo Gastron\u00f3mico Sibarita P-101"}]},{"@type":"WebSite","@id":"https:\/\/lotsdenadal.cat\/es\/#website","url":"https:\/\/lotsdenadal.cat\/es\/","name":"Lots de Nadal Harcogourmet","description":"Lotes de Navidad con productos catalanes","publisher":{"@id":"https:\/\/lotsdenadal.cat\/es\/#organization"},"alternateName":"LN Harcogourmet","potentialAction":[{"@type":"SearchAction","target":{"@type":"EntryPoint","urlTemplate":"https:\/\/lotsdenadal.cat\/es\/?s={search_term_string}"},"query-input":{"@type":"PropertyValueSpecification","valueRequired":true,"valueName":"search_term_string"}}],"inLanguage":"es"},{"@type":"Organization","@id":"https:\/\/lotsdenadal.cat\/es\/#organization","name":"Lotes de Navidad Harcogourmet","alternateName":"Harcogourmet","url":"https:\/\/lotsdenadal.cat\/es\/","logo":{"@type":"ImageObject","inLanguage":"es","@id":"https:\/\/lotsdenadal.cat\/es\/#\/schema\/logo\/image\/","url":"https:\/\/lotsdenadal.cat\/wp-content\/uploads\/2023\/06\/HG_negre.png","contentUrl":"https:\/\/lotsdenadal.cat\/wp-content\/uploads\/2023\/06\/HG_negre.png","width":604,"height":108,"caption":"Lotes de Navidad Harcogourmet"},"image":{"@id":"https:\/\/lotsdenadal.cat\/es\/#\/schema\/logo\/image\/"},"sameAs":["https:\/\/facebook.com\/harcogourmet","https:\/\/x.com\/harcogourmet","https:\/\/instagram.com\/harcogourmet","https:\/\/www.linkedin.com\/company\/3240347\/","https:\/\/www.youtube.com\/channel\/UCoWNvGkEBJxGoCzwURxSrcQ"]}]},"product_price_amount":"46.95","product_price_currency":"EUR","og_availability":"instock","product_availability":"instock","product_retailer_item_id":"25SP_0101","product_condition":"new"},"_links":{"self":[{"href":"https:\/\/lotsdenadal.cat\/es\/wp-json\/wp\/v2\/product\/3000101","targetHints":{"allow":["GET"]}}],"collection":[{"href":"https:\/\/lotsdenadal.cat\/es\/wp-json\/wp\/v2\/product"}],"about":[{"href":"https:\/\/lotsdenadal.cat\/es\/wp-json\/wp\/v2\/types\/product"}],"wp:featuredmedia":[{"embeddable":true,"href":"https:\/\/lotsdenadal.cat\/es\/wp-json\/wp\/v2\/media\/500711"}],"wp:attachment":[{"href":"https:\/\/lotsdenadal.cat\/es\/wp-json\/wp\/v2\/media?parent=3000101"}],"wp:term":[{"taxonomy":"product_brand","embeddable":true,"href":"https:\/\/lotsdenadal.cat\/es\/wp-json\/wp\/v2\/product_brand?post=3000101"},{"taxonomy":"product_cat","embeddable":true,"href":"https:\/\/lotsdenadal.cat\/es\/wp-json\/wp\/v2\/product_cat?post=3000101"},{"taxonomy":"product_tag","embeddable":true,"href":"https:\/\/lotsdenadal.cat\/es\/wp-json\/wp\/v2\/product_tag?post=3000101"}],"curies":[{"name":"wp","href":"https:\/\/api.w.org\/{rel}","templated":true}]}}