{"id":1000103,"date":"2023-08-23T22:30:57","date_gmt":"2023-08-23T20:30:57","guid":{"rendered":"https:\/\/lotsdenadal.cat\/product\/regalo-gastronomico-artesa-p-103\/"},"modified":"2025-09-18T02:19:57","modified_gmt":"2025-09-18T00:19:57","slug":"regalo-gastronomico-artesa-p-103","status":"publish","type":"product","link":"https:\/\/lotsdenadal.cat\/es\/producto\/regalo-gastronomico-artesa-p-103\/","title":{"rendered":"Regalo Gastron\u00f3mico Artes\u00e0 P-103"},"content":{"rendered":"<div class=\"row\"  id=\"row-1965942275\">\r\n\r\n\n\t<div id=\"col-1575848402\" class=\"col medium-12 small-12 large-12\"  >\n\t\t\t\t<div class=\"col-inner text-left\" style=\"background-color:rgb(255, 255, 255);\" >\n\t\t\t\n\t\t\t\r\n\r\n<div class=\"row\"  id=\"row-1370493862\">\r\n\r\n\n\t<div id=\"col-1871394052\" class=\"col small-12 large-12\"  >\n\t\t\t\t<div class=\"col-inner\" style=\"background-color:rgb(255, 255, 255);\" >\n\t\t\t\n\t\t\t\r\n\r\n<div class=\"is-divider divider clearfix\" style=\"max-width:470px;height:2px;\"><\/div>\r\n\r\n<h2><span style=\"background-color: #ffffff; color: #333333; font-size: 105%;\">ALGUNAS JOYAS GASTRON\u00d3MICAS <br \/>DEL LOTE DE NAVIDAD SON...<\/span>\u00a0 <img decoding=\"async\" style=\"margin-bottom: 4px;\" title=\"regals gastron\u00f2mics\" src=\"\/wp-content\/uploads\/2023\/06\/logo-estrella.png\" alt=\"regals gastron\u00f2mics\" width=\"35\"\/><\/h2>\r\n\r\n\t\t<\/div>\n\t\t\t\t\n<style>\n#col-1871394052 > .col-inner {\n  padding: 0px 0px 0px 0px;\n  margin: 0px 0px -35px 0px;\n}\n<\/style>\n\t<\/div>\n\n\t\r\n\r\n<\/div>\r\n\r\n\t\t<\/div>\n\t\t\t\t\t<\/div>\n\n\t\r\n\r\n<\/div>\n<div class=\"row align-middle\"  id=\"row-798867433\">\n\n\n\t<div id=\"col-963063244\" class=\"col medium-7 small-12 large-4\"  >\n\t\t\t\t<div class=\"col-inner\"  >\n\t\t\t\n\t\t\t\n\n<h4><a href=\"https:\/\/www.empordalia.com\/es\/tienda-online\/sinols-moscatell\/\" target=\"_blank\" rel=\"noopener\">VINO DULCE SINOLS EMPORDALIA<\/a><\/h4>\n<p>Cl\u00e1sico entre los cl\u00e1sicos. Destaca por su coloraci\u00f3n amarilla con sutiles tonos de lim\u00f3n. Redondo y aterciopelado pero nunca pegajoso, de final fresco. Domina en los postres aunque tambi\u00e9n es apreciado en foies y quesos azules. Las uvas de Moscatel de Alejandr\u00eda tienen m\u00e1s de 20 a\u00f1os y se encuentran situadas en zonas de llanura con suelos aluviales, arenosos y gran\u00edticos.<\/p>\n\n\t\t<\/div>\n\t\t\t\t\t<\/div>\n\n\t\n\n\t<div id=\"col-485287095\" class=\"col hide-for-medium medium-5 small-12 large-3\"  >\n\t\t\t\t<div class=\"col-inner\"  >\n\t\t\t\n\t\t\t\n\n\n  <div class=\"banner has-hover\" id=\"banner-1827286619\">\n          <div class=\"banner-inner fill\">\n        <div class=\"banner-bg fill\" >\n                                                \n                    <\/div>\n\t\t\n        <div class=\"banner-layers container\">\n            <div class=\"fill banner-link\"><\/div>            \n\n\t<div class=\"img has-hover x50 md-x50 lg-x50 y50 md-y50 lg-y50\" id=\"image_709603846\">\n\t\t\t\t\t\t\t\t<div class=\"img-inner dark\" >\n\t\t\t<img loading=\"lazy\" decoding=\"async\" width=\"500\" height=\"500\" src=\"https:\/\/lotsdenadal.cat\/wp-content\/uploads\/2023\/10\/pb-empordalia-vi-dolc-sinols.jpg\" class=\"attachment-original size-original\" alt=\"Vino Dulce Sinols Empordalia vino de Catalu\u00f1a\" srcset=\"https:\/\/lotsdenadal.cat\/wp-content\/uploads\/2023\/10\/pb-empordalia-vi-dolc-sinols.jpg 500w, https:\/\/lotsdenadal.cat\/wp-content\/uploads\/2023\/10\/pb-empordalia-vi-dolc-sinols-400x400.jpg 400w, https:\/\/lotsdenadal.cat\/wp-content\/uploads\/2023\/10\/pb-empordalia-vi-dolc-sinols-280x280.jpg 280w, https:\/\/lotsdenadal.cat\/wp-content\/uploads\/2023\/10\/pb-empordalia-vi-dolc-sinols-100x100.jpg 100w\" sizes=\"auto, (max-width: 500px) 100vw, 500px\" \/>\t\t\t\t\t\t\n\t\t\t\t\t<\/div>\n\t\t\t\t\t\t\t\t\n<style>\n#image_709603846 {\n  width: 35%;\n}\n@media (min-width:550px) {\n  #image_709603846 {\n    width: 100%;\n  }\n}\n@media (min-width:850px) {\n  #image_709603846 {\n    width: 60%;\n  }\n}\n<\/style>\n\t<\/div>\n\t\n\n\n        <\/div>\n      <\/div>\n\n            \n<style>\n#banner-1827286619 {\n  padding-top: 200px;\n  background-color: rgb(255,255,255);\n}\n@media (min-width:850px) {\n  #banner-1827286619 {\n    padding-top: 200px;\n  }\n}\n<\/style>\n  <\/div>\n\n\n\n\t\t<\/div>\n\t\t\t\t\t<\/div>\n\n\t\n\n\t<div id=\"col-565577704\" class=\"col medium-5 small-12 large-5\"  >\n\t\t\t\t<div class=\"col-inner text-center\"  >\n\t\t\t\n\t\t\t\n\n\n  <div class=\"banner has-hover\" id=\"banner-1465740978\">\n          <div class=\"banner-inner fill\">\n        <div class=\"banner-bg fill\" >\n            <img loading=\"lazy\" decoding=\"async\" width=\"550\" height=\"250\" src=\"https:\/\/lotsdenadal.cat\/wp-content\/uploads\/2023\/10\/pb-empordalia-vi-dolc-sinols-b.jpg\" class=\"bg attachment-large size-large\" alt=\"Vino Dulce Sinols Empordalia vino de Catalu\u00f1a\" \/>                                    \n                    <\/div>\n\t\t\n        <div class=\"banner-layers container\">\n            <div class=\"fill banner-link\"><\/div>            \n\n\n        <\/div>\n      <\/div>\n\n            \n<style>\n#banner-1465740978 {\n  padding-top: 180px;\n  background-color: rgb(255, 255, 255);\n}\n#banner-1465740978 .banner-bg img {\n  object-position: 49% 56%;\n}\n@media (min-width:550px) {\n  #banner-1465740978 {\n    padding-top: 190px;\n  }\n}\n@media (min-width:850px) {\n  #banner-1465740978 {\n    padding-top: 200px;\n  }\n}\n<\/style>\n  <\/div>\n\n\n\n\t\t<\/div>\n\t\t\t\t\t<\/div>\n\n\t\n\n<\/div>\n<div class=\"row align-middle\"  id=\"row-49490957\">\n\n\n\t<div id=\"col-1305999384\" class=\"col medium-7 small-12 large-4\"  >\n\t\t\t\t<div class=\"col-inner\"  >\n\t\t\t\n\t\t\t\n\n<h4><a href=\"https:\/\/www.escalfet.com\/producte\/carquinyolis-artesans-200gr\" target=\"_blank\" rel=\"noopener\">CARQUINYOLIS ARTESANS ESCALFET<\/a><\/h4>\n<p>Este carquinyoli es singular por su textura ligera y con un cierto toque de caramelo. Sorprende el aroma de vainilla que acompa\u00f1a al crujiente almendrado. Los ingredientes utilizados son de proximidad y m\u00e1xima calidad sin conservantes ni colorantes. En cada carquinyoli se puede saborear el origen, el aroma y la calidad de un producto elaborado de forma manual.<\/p>\n\n\t\t<\/div>\n\t\t\t\t\t<\/div>\n\n\t\n\n\t<div id=\"col-187390130\" class=\"col hide-for-medium medium-5 small-12 large-3\"  >\n\t\t\t\t<div class=\"col-inner\"  >\n\t\t\t\n\t\t\t\n\n\n  <div class=\"banner has-hover\" id=\"banner-1675647634\">\n          <div class=\"banner-inner fill\">\n        <div class=\"banner-bg fill\" >\n                                                \n                    <\/div>\n\t\t\n        <div class=\"banner-layers container\">\n            <div class=\"fill banner-link\"><\/div>            \n\n\t<div class=\"img has-hover x50 md-x50 lg-x50 y50 md-y50 lg-y50\" id=\"image_708383123\">\n\t\t\t\t\t\t\t\t<div class=\"img-inner dark\" >\n\t\t\t<img loading=\"lazy\" decoding=\"async\" width=\"500\" height=\"500\" src=\"https:\/\/lotsdenadal.cat\/wp-content\/uploads\/2023\/10\/pd-escalfet-carquinyolis-caixa.jpg\" class=\"attachment-original size-original\" alt=\"Carqui\u00f1olis artesanos Escalfet estuche regalos gastronomicos\" srcset=\"https:\/\/lotsdenadal.cat\/wp-content\/uploads\/2023\/10\/pd-escalfet-carquinyolis-caixa.jpg 500w, https:\/\/lotsdenadal.cat\/wp-content\/uploads\/2023\/10\/pd-escalfet-carquinyolis-caixa-400x400.jpg 400w, https:\/\/lotsdenadal.cat\/wp-content\/uploads\/2023\/10\/pd-escalfet-carquinyolis-caixa-280x280.jpg 280w, https:\/\/lotsdenadal.cat\/wp-content\/uploads\/2023\/10\/pd-escalfet-carquinyolis-caixa-100x100.jpg 100w\" sizes=\"auto, (max-width: 500px) 100vw, 500px\" \/>\t\t\t\t\t\t\n\t\t\t\t\t<\/div>\n\t\t\t\t\t\t\t\t\n<style>\n#image_708383123 {\n  width: 35%;\n}\n@media (min-width:550px) {\n  #image_708383123 {\n    width: 100%;\n  }\n}\n@media (min-width:850px) {\n  #image_708383123 {\n    width: 60%;\n  }\n}\n<\/style>\n\t<\/div>\n\t\n\n\n        <\/div>\n      <\/div>\n\n            \n<style>\n#banner-1675647634 {\n  padding-top: 200px;\n  background-color: rgb(255,255,255);\n}\n@media (min-width:850px) {\n  #banner-1675647634 {\n    padding-top: 200px;\n  }\n}\n<\/style>\n  <\/div>\n\n\n\n\t\t<\/div>\n\t\t\t\t\t<\/div>\n\n\t\n\n\t<div id=\"col-960257550\" class=\"col medium-5 small-12 large-5\"  >\n\t\t\t\t<div class=\"col-inner text-center\"  >\n\t\t\t\n\t\t\t\n\n\n  <div class=\"banner has-hover\" id=\"banner-341440609\">\n          <div class=\"banner-inner fill\">\n        <div class=\"banner-bg fill\" >\n            <img loading=\"lazy\" decoding=\"async\" width=\"550\" height=\"250\" src=\"https:\/\/lotsdenadal.cat\/wp-content\/uploads\/2023\/10\/pd-escalfet-carquinyolis-caixa-b.jpg\" class=\"bg attachment-large size-large\" alt=\"Carqui\u00f1olis artesanos Escalfet estuche regalos gastronomicos\" \/>                                    \n                    <\/div>\n\t\t\n        <div class=\"banner-layers container\">\n            <div class=\"fill banner-link\"><\/div>            \n\n\n        <\/div>\n      <\/div>\n\n            \n<style>\n#banner-341440609 {\n  padding-top: 180px;\n  background-color: rgb(255, 255, 255);\n}\n#banner-341440609 .banner-bg img {\n  object-position: 49% 56%;\n}\n@media (min-width:550px) {\n  #banner-341440609 {\n    padding-top: 190px;\n  }\n}\n@media (min-width:850px) {\n  #banner-341440609 {\n    padding-top: 200px;\n  }\n}\n<\/style>\n  <\/div>\n\n\n\n\t\t<\/div>\n\t\t\t\t\t<\/div>\n\n\t\n\n<\/div>\n","protected":false},"excerpt":{"rendered":"<h4><span style=\"font-size: 27px; line-height: 0.8 em; font-weight: 200; color:#ceb099;\">Tast Artes\u00e0 premium | 2 productos <\/span><\/h4>\n<ul>\n<li>\n<tr>\n<td><span style=\"font-size: 87%\">&nbsp;&nbsp;&nbsp;&nbsp;Vino dulce S\u00ednols Moscatell Girona Excel\u00b7lent 23-24 DO Empord\u00e0 Empord\u00e0lia<\/span><\/td>\n<td><img decoding=\"async\" src=\"\/wp-content\/uploads\/2023\/09\/girona-excellent.png\" title=\"Girona excellent\" alt=\"Girona excellent\" width=\"25\"\/><\/td>\n<\/tr>\n<\/li>\n<li>\n<tr>\n<td><span style=\"font-size: 87%\">&nbsp;&nbsp;&nbsp;&nbsp;Carqui\u00f1olis artesanos premiados con Superior Taste Award 2024 Escalfet 200 g.<\/span><\/td>\n<td><img decoding=\"async\" src=\"\/wp-content\/uploads\/2023\/09\/superior-taste-4.png\" title=\"Superior Taste Award\" alt=\"Superior Taste Award\" width=\"25\"\/><\/td>\n<\/tr>\n<\/li>\n<\/ul>\n<\/div>\n","protected":false},"featured_media":500583,"template":"","meta":{"_monsterinsights_skip_tracking":false,"_monsterinsights_sitenote_active":false,"_monsterinsights_sitenote_note":"","_monsterinsights_sitenote_category":0},"product_brand":[],"product_cat":[125,127,163,164],"product_tag":[132,134],"class_list":{"0":"post-1000103","1":"product","2":"type-product","3":"status-publish","4":"has-post-thumbnail","6":"product_cat-todos","7":"product_cat-hasta-39-95-euros","8":"product_cat-regalos-de-empresa","9":"product_cat-desde-17-95-euros","10":"product_tag-dulces-es","11":"product_tag-regalos-gastronomicos-es","13":"first","14":"instock","15":"taxable","16":"shipping-taxable","17":"purchasable","18":"product-type-simple"},"group_of_quantity":0,"min_quantity":0,"max_quantity":"","exclude_order_quantity_value_rules":"no","exclude_category_quantity_rules":"no","combine_variations":"no","yoast_head":"<!-- This site is optimized with the Yoast SEO Premium plugin v25.8 (Yoast SEO v25.8) - https:\/\/yoast.com\/wordpress\/plugins\/seo\/ -->\n<title>Regalo Gastron\u00f3mico Artes\u00e0 P-103 | Harcogourmet<\/title>\n<meta name=\"description\" content=\"\u00bfBuscas Regalos Gastron\u00f3micos? El Regalo Gastron\u00f3mico Artes\u00e0P-103 es un Regalo Gastron\u00f3mico con productos catalanes. Elige tus Regalos Gastron\u00f3micos\" \/>\n<meta name=\"robots\" content=\"index, follow, max-snippet:-1, max-image-preview:large, max-video-preview:-1\" \/>\n<link rel=\"canonical\" href=\"https:\/\/lotsdenadal.cat\/es\/producto\/regalo-gastronomico-artesa-p-103\/\" \/>\n<meta property=\"og:locale\" content=\"es_ES\" \/>\n<meta property=\"og:type\" content=\"article\" \/>\n<meta property=\"og:title\" content=\"Regalo Gastron\u00f3mico Artes\u00e0 P-103\" \/>\n<meta property=\"og:description\" content=\"\u00bfBuscas Regalos Gastron\u00f3micos? El Regalo Gastron\u00f3mico Artes\u00e0P-103 es un Regalo Gastron\u00f3mico con productos catalanes. Elige tus Regalos Gastron\u00f3micos\" \/>\n<meta property=\"og:url\" content=\"https:\/\/lotsdenadal.cat\/es\/producto\/regalo-gastronomico-artesa-p-103\/\" \/>\n<meta property=\"og:site_name\" content=\"Lotes de Navidad\" \/>\n<meta property=\"article:publisher\" content=\"https:\/\/facebook.com\/harcogourmet\" \/>\n<meta property=\"article:modified_time\" content=\"2025-09-18T00:19:57+00:00\" \/>\n<meta property=\"og:image\" content=\"https:\/\/lotsdenadal.cat\/wp-content\/uploads\/2023\/08\/regal-gastronomic-artesa-P-103.jpg\" \/>\n\t<meta property=\"og:image:width\" content=\"1500\" \/>\n\t<meta property=\"og:image:height\" content=\"1500\" \/>\n\t<meta property=\"og:image:type\" content=\"image\/jpeg\" \/>\n<meta name=\"twitter:card\" content=\"summary_large_image\" \/>\n<meta name=\"twitter:site\" content=\"@harcogourmet\" \/>\n<meta name=\"twitter:label1\" content=\"Precio\" \/>\n\t<meta name=\"twitter:data1\" content=\"25,95&nbsp;&euro; + IVA\" \/>\n\t<meta name=\"twitter:label2\" content=\"Disponibilidad\" \/>\n\t<meta name=\"twitter:data2\" content=\"Disponible\" \/>\n<script type=\"application\/ld+json\" class=\"yoast-schema-graph\">{\"@context\":\"https:\/\/schema.org\",\"@graph\":[{\"@type\":\"WebPage\",\"@id\":\"https:\/\/lotsdenadal.cat\/es\/producto\/regalo-gastronomico-artesa-p-103\/\",\"url\":\"https:\/\/lotsdenadal.cat\/es\/producto\/regalo-gastronomico-artesa-p-103\/\",\"name\":\"Regalo Gastron\u00f3mico Artes\u00e0 P-103 | Harcogourmet\",\"isPartOf\":{\"@id\":\"https:\/\/lotsdenadal.cat\/es\/#website\"},\"primaryImageOfPage\":{\"@id\":\"https:\/\/lotsdenadal.cat\/es\/producto\/regalo-gastronomico-artesa-p-103\/#primaryimage\"},\"image\":{\"@id\":\"https:\/\/lotsdenadal.cat\/es\/producto\/regalo-gastronomico-artesa-p-103\/#primaryimage\"},\"thumbnailUrl\":\"https:\/\/lotsdenadal.cat\/wp-content\/uploads\/2023\/08\/regal-gastronomic-artesa-P-103.jpg\",\"datePublished\":\"2023-08-23T20:30:57+00:00\",\"dateModified\":\"2025-09-18T00:19:57+00:00\",\"description\":\"\u00bfBuscas Regalos Gastron\u00f3micos? El Regalo Gastron\u00f3mico Artes\u00e0P-103 es un Regalo Gastron\u00f3mico con productos catalanes. Elige tus Regalos Gastron\u00f3micos\",\"breadcrumb\":{\"@id\":\"https:\/\/lotsdenadal.cat\/es\/producto\/regalo-gastronomico-artesa-p-103\/#breadcrumb\"},\"inLanguage\":\"es\",\"potentialAction\":[{\"@type\":\"ReadAction\",\"target\":[\"https:\/\/lotsdenadal.cat\/es\/producto\/regalo-gastronomico-artesa-p-103\/\"]}]},{\"@type\":\"ImageObject\",\"inLanguage\":\"es\",\"@id\":\"https:\/\/lotsdenadal.cat\/es\/producto\/regalo-gastronomico-artesa-p-103\/#primaryimage\",\"url\":\"https:\/\/lotsdenadal.cat\/wp-content\/uploads\/2023\/08\/regal-gastronomic-artesa-P-103.jpg\",\"contentUrl\":\"https:\/\/lotsdenadal.cat\/wp-content\/uploads\/2023\/08\/regal-gastronomic-artesa-P-103.jpg\",\"width\":1500,\"height\":1500,\"caption\":\"Regalo Gastron\u00f3mico, Tast Artes\u00e0 P-103, regalos de empresa, regalo empresa, detalle empresa, regalo cliente\"},{\"@type\":\"BreadcrumbList\",\"@id\":\"https:\/\/lotsdenadal.cat\/es\/producto\/regalo-gastronomico-artesa-p-103\/#breadcrumb\",\"itemListElement\":[{\"@type\":\"ListItem\",\"position\":1,\"name\":\"Inicio\",\"item\":\"https:\/\/lotsdenadal.cat\/es\/\"},{\"@type\":\"ListItem\",\"position\":2,\"name\":\"Elige tu Cesta de Navidad\",\"item\":\"https:\/\/lotsdenadal.cat\/es\/elige-tu-lote-de-navidad\/\"},{\"@type\":\"ListItem\",\"position\":3,\"name\":\"Regalo Gastron\u00f3mico Artes\u00e0 P-103\"}]},{\"@type\":\"WebSite\",\"@id\":\"https:\/\/lotsdenadal.cat\/es\/#website\",\"url\":\"https:\/\/lotsdenadal.cat\/es\/\",\"name\":\"Lots de Nadal Harcogourmet\",\"description\":\"Lotes de Navidad con productos catalanes\",\"publisher\":{\"@id\":\"https:\/\/lotsdenadal.cat\/es\/#organization\"},\"alternateName\":\"LN Harcogourmet\",\"potentialAction\":[{\"@type\":\"SearchAction\",\"target\":{\"@type\":\"EntryPoint\",\"urlTemplate\":\"https:\/\/lotsdenadal.cat\/es\/?s={search_term_string}\"},\"query-input\":{\"@type\":\"PropertyValueSpecification\",\"valueRequired\":true,\"valueName\":\"search_term_string\"}}],\"inLanguage\":\"es\"},{\"@type\":\"Organization\",\"@id\":\"https:\/\/lotsdenadal.cat\/es\/#organization\",\"name\":\"Lotes de Navidad Harcogourmet\",\"alternateName\":\"Harcogourmet\",\"url\":\"https:\/\/lotsdenadal.cat\/es\/\",\"logo\":{\"@type\":\"ImageObject\",\"inLanguage\":\"es\",\"@id\":\"https:\/\/lotsdenadal.cat\/es\/#\/schema\/logo\/image\/\",\"url\":\"https:\/\/lotsdenadal.cat\/wp-content\/uploads\/2023\/06\/HG_negre.png\",\"contentUrl\":\"https:\/\/lotsdenadal.cat\/wp-content\/uploads\/2023\/06\/HG_negre.png\",\"width\":604,\"height\":108,\"caption\":\"Lotes de Navidad Harcogourmet\"},\"image\":{\"@id\":\"https:\/\/lotsdenadal.cat\/es\/#\/schema\/logo\/image\/\"},\"sameAs\":[\"https:\/\/facebook.com\/harcogourmet\",\"https:\/\/x.com\/harcogourmet\",\"https:\/\/instagram.com\/harcogourmet\",\"https:\/\/www.linkedin.com\/company\/3240347\/\",\"https:\/\/www.youtube.com\/channel\/UCoWNvGkEBJxGoCzwURxSrcQ\"]}]}<\/script>\n<meta property=\"product:price:amount\" content=\"25.95\" \/>\n<meta property=\"product:price:currency\" content=\"EUR\" \/>\n<meta property=\"og:availability\" content=\"instock\" \/>\n<meta property=\"product:availability\" content=\"instock\" \/>\n<meta property=\"product:retailer_item_id\" content=\"25AP_0103\" \/>\n<meta property=\"product:condition\" content=\"new\" \/>\n<!-- \/ Yoast SEO Premium plugin. -->","yoast_head_json":{"title":"Regalo Gastron\u00f3mico Artes\u00e0 P-103 | Harcogourmet","description":"\u00bfBuscas Regalos Gastron\u00f3micos? El Regalo Gastron\u00f3mico Artes\u00e0P-103 es un Regalo Gastron\u00f3mico con productos catalanes. Elige tus Regalos Gastron\u00f3micos","robots":{"index":"index","follow":"follow","max-snippet":"max-snippet:-1","max-image-preview":"max-image-preview:large","max-video-preview":"max-video-preview:-1"},"canonical":"https:\/\/lotsdenadal.cat\/es\/producto\/regalo-gastronomico-artesa-p-103\/","og_locale":"es_ES","og_type":"article","og_title":"Regalo Gastron\u00f3mico Artes\u00e0 P-103","og_description":"\u00bfBuscas Regalos Gastron\u00f3micos? El Regalo Gastron\u00f3mico Artes\u00e0P-103 es un Regalo Gastron\u00f3mico con productos catalanes. Elige tus Regalos Gastron\u00f3micos","og_url":"https:\/\/lotsdenadal.cat\/es\/producto\/regalo-gastronomico-artesa-p-103\/","og_site_name":"Lotes de Navidad","article_publisher":"https:\/\/facebook.com\/harcogourmet","article_modified_time":"2025-09-18T00:19:57+00:00","og_image":[{"width":1500,"height":1500,"url":"https:\/\/lotsdenadal.cat\/wp-content\/uploads\/2023\/08\/regal-gastronomic-artesa-P-103.jpg","type":"image\/jpeg"}],"twitter_card":"summary_large_image","twitter_site":"@harcogourmet","twitter_misc":{"Precio":"25,95&nbsp;&euro; + IVA","Disponibilidad":"Disponible"},"schema":{"@context":"https:\/\/schema.org","@graph":[{"@type":"WebPage","@id":"https:\/\/lotsdenadal.cat\/es\/producto\/regalo-gastronomico-artesa-p-103\/","url":"https:\/\/lotsdenadal.cat\/es\/producto\/regalo-gastronomico-artesa-p-103\/","name":"Regalo Gastron\u00f3mico Artes\u00e0 P-103 | Harcogourmet","isPartOf":{"@id":"https:\/\/lotsdenadal.cat\/es\/#website"},"primaryImageOfPage":{"@id":"https:\/\/lotsdenadal.cat\/es\/producto\/regalo-gastronomico-artesa-p-103\/#primaryimage"},"image":{"@id":"https:\/\/lotsdenadal.cat\/es\/producto\/regalo-gastronomico-artesa-p-103\/#primaryimage"},"thumbnailUrl":"https:\/\/lotsdenadal.cat\/wp-content\/uploads\/2023\/08\/regal-gastronomic-artesa-P-103.jpg","datePublished":"2023-08-23T20:30:57+00:00","dateModified":"2025-09-18T00:19:57+00:00","description":"\u00bfBuscas Regalos Gastron\u00f3micos? El Regalo Gastron\u00f3mico Artes\u00e0P-103 es un Regalo Gastron\u00f3mico con productos catalanes. Elige tus Regalos Gastron\u00f3micos","breadcrumb":{"@id":"https:\/\/lotsdenadal.cat\/es\/producto\/regalo-gastronomico-artesa-p-103\/#breadcrumb"},"inLanguage":"es","potentialAction":[{"@type":"ReadAction","target":["https:\/\/lotsdenadal.cat\/es\/producto\/regalo-gastronomico-artesa-p-103\/"]}]},{"@type":"ImageObject","inLanguage":"es","@id":"https:\/\/lotsdenadal.cat\/es\/producto\/regalo-gastronomico-artesa-p-103\/#primaryimage","url":"https:\/\/lotsdenadal.cat\/wp-content\/uploads\/2023\/08\/regal-gastronomic-artesa-P-103.jpg","contentUrl":"https:\/\/lotsdenadal.cat\/wp-content\/uploads\/2023\/08\/regal-gastronomic-artesa-P-103.jpg","width":1500,"height":1500,"caption":"Regalo Gastron\u00f3mico, Tast Artes\u00e0 P-103, regalos de empresa, regalo empresa, detalle empresa, regalo cliente"},{"@type":"BreadcrumbList","@id":"https:\/\/lotsdenadal.cat\/es\/producto\/regalo-gastronomico-artesa-p-103\/#breadcrumb","itemListElement":[{"@type":"ListItem","position":1,"name":"Inicio","item":"https:\/\/lotsdenadal.cat\/es\/"},{"@type":"ListItem","position":2,"name":"Elige tu Cesta de Navidad","item":"https:\/\/lotsdenadal.cat\/es\/elige-tu-lote-de-navidad\/"},{"@type":"ListItem","position":3,"name":"Regalo Gastron\u00f3mico Artes\u00e0 P-103"}]},{"@type":"WebSite","@id":"https:\/\/lotsdenadal.cat\/es\/#website","url":"https:\/\/lotsdenadal.cat\/es\/","name":"Lots de Nadal Harcogourmet","description":"Lotes de Navidad con productos catalanes","publisher":{"@id":"https:\/\/lotsdenadal.cat\/es\/#organization"},"alternateName":"LN Harcogourmet","potentialAction":[{"@type":"SearchAction","target":{"@type":"EntryPoint","urlTemplate":"https:\/\/lotsdenadal.cat\/es\/?s={search_term_string}"},"query-input":{"@type":"PropertyValueSpecification","valueRequired":true,"valueName":"search_term_string"}}],"inLanguage":"es"},{"@type":"Organization","@id":"https:\/\/lotsdenadal.cat\/es\/#organization","name":"Lotes de Navidad Harcogourmet","alternateName":"Harcogourmet","url":"https:\/\/lotsdenadal.cat\/es\/","logo":{"@type":"ImageObject","inLanguage":"es","@id":"https:\/\/lotsdenadal.cat\/es\/#\/schema\/logo\/image\/","url":"https:\/\/lotsdenadal.cat\/wp-content\/uploads\/2023\/06\/HG_negre.png","contentUrl":"https:\/\/lotsdenadal.cat\/wp-content\/uploads\/2023\/06\/HG_negre.png","width":604,"height":108,"caption":"Lotes de Navidad Harcogourmet"},"image":{"@id":"https:\/\/lotsdenadal.cat\/es\/#\/schema\/logo\/image\/"},"sameAs":["https:\/\/facebook.com\/harcogourmet","https:\/\/x.com\/harcogourmet","https:\/\/instagram.com\/harcogourmet","https:\/\/www.linkedin.com\/company\/3240347\/","https:\/\/www.youtube.com\/channel\/UCoWNvGkEBJxGoCzwURxSrcQ"]}]},"product_price_amount":"25.95","product_price_currency":"EUR","og_availability":"instock","product_availability":"instock","product_retailer_item_id":"25AP_0103","product_condition":"new"},"_links":{"self":[{"href":"https:\/\/lotsdenadal.cat\/es\/wp-json\/wp\/v2\/product\/1000103","targetHints":{"allow":["GET"]}}],"collection":[{"href":"https:\/\/lotsdenadal.cat\/es\/wp-json\/wp\/v2\/product"}],"about":[{"href":"https:\/\/lotsdenadal.cat\/es\/wp-json\/wp\/v2\/types\/product"}],"wp:featuredmedia":[{"embeddable":true,"href":"https:\/\/lotsdenadal.cat\/es\/wp-json\/wp\/v2\/media\/500583"}],"wp:attachment":[{"href":"https:\/\/lotsdenadal.cat\/es\/wp-json\/wp\/v2\/media?parent=1000103"}],"wp:term":[{"taxonomy":"product_brand","embeddable":true,"href":"https:\/\/lotsdenadal.cat\/es\/wp-json\/wp\/v2\/product_brand?post=1000103"},{"taxonomy":"product_cat","embeddable":true,"href":"https:\/\/lotsdenadal.cat\/es\/wp-json\/wp\/v2\/product_cat?post=1000103"},{"taxonomy":"product_tag","embeddable":true,"href":"https:\/\/lotsdenadal.cat\/es\/wp-json\/wp\/v2\/product_tag?post=1000103"}],"curies":[{"name":"wp","href":"https:\/\/api.w.org\/{rel}","templated":true}]}}