{"id":1000102,"date":"2023-08-23T22:30:56","date_gmt":"2023-08-23T20:30:56","guid":{"rendered":"https:\/\/lotsdenadal.cat\/product\/regalo-gastronomico-artesa-p-102\/"},"modified":"2025-09-18T02:19:56","modified_gmt":"2025-09-18T00:19:56","slug":"regalo-gastronomico-artesa-p-102","status":"publish","type":"product","link":"https:\/\/lotsdenadal.cat\/es\/producto\/regalo-gastronomico-artesa-p-102\/","title":{"rendered":"Regalo Gastron\u00f3mico Artes\u00e0 P-102"},"content":{"rendered":"<div class=\"row\"  id=\"row-1536001780\">\r\n\r\n\n\t<div id=\"col-1413671364\" class=\"col medium-12 small-12 large-12\"  >\n\t\t\t\t<div class=\"col-inner text-left\" style=\"background-color:rgb(255, 255, 255);\" >\n\t\t\t\n\t\t\t\r\n\r\n<div class=\"row\"  id=\"row-2104881187\">\r\n\r\n\n\t<div id=\"col-999065758\" class=\"col small-12 large-12\"  >\n\t\t\t\t<div class=\"col-inner\" style=\"background-color:rgb(255, 255, 255);\" >\n\t\t\t\n\t\t\t\r\n\r\n<div class=\"is-divider divider clearfix\" style=\"max-width:470px;height:2px;\"><\/div>\r\n\r\n<h2><span style=\"background-color: #ffffff; color: #333333; font-size: 105%;\">ALGUNAS JOYAS GASTRON\u00d3MICAS <br \/>DEL LOTE DE NAVIDAD SON...<\/span>\u00a0 <img decoding=\"async\" style=\"margin-bottom: 4px;\" title=\"regals gastron\u00f2mics\" src=\"\/wp-content\/uploads\/2023\/06\/logo-estrella.png\" alt=\"regals gastron\u00f2mics\" width=\"35\"\/><\/h2>\r\n\r\n\t\t<\/div>\n\t\t\t\t\n<style>\n#col-999065758 > .col-inner {\n  padding: 0px 0px 0px 0px;\n  margin: 0px 0px -35px 0px;\n}\n<\/style>\n\t<\/div>\n\n\t\r\n\r\n<\/div>\r\n\r\n\t\t<\/div>\n\t\t\t\t\t<\/div>\n\n\t\r\n\r\n<\/div>\n<div class=\"row align-middle\"  id=\"row-228101115\">\n\n\n\t<div id=\"col-1336618448\" class=\"col medium-7 small-12 large-4\"  >\n\t\t\t\t<div class=\"col-inner\"  >\n\t\t\t\n\t\t\t\n\n<h4><a href=\"https:\/\/shop.castelodepedregosa.com\/products\/Petit-Cuvee-p574820709\" target=\"_blank\" rel=\"noopener\">PETIT CUV\u00c9E BODEGA CASTELO DE PEDREGOSA<\/a><\/h4>\n<p>Elaborado con las variedades tradicionales de Macabeo, Xarel\u00b7lo y Parellada, ofrece una experiencia fresca y vibrante. Criado durante al menos 12 meses, su sabor destaca por el equilibrio entre frutas ligeras y sutiles notas de su crianza. Un Brut Nature ecol\u00f3gico de fina burbuja que expresa la naturalidad y autenticidad del terreno de donde proviene.<\/p>\n\n\t\t<\/div>\n\t\t\t\t\t<\/div>\n\n\t\n\n\t<div id=\"col-448008900\" class=\"col hide-for-medium medium-5 small-12 large-3\"  >\n\t\t\t\t<div class=\"col-inner\"  >\n\t\t\t\n\t\t\t\n\n\n  <div class=\"banner has-hover\" id=\"banner-2122736696\">\n          <div class=\"banner-inner fill\">\n        <div class=\"banner-bg fill\" >\n                                                \n                    <\/div>\n\t\t\n        <div class=\"banner-layers container\">\n            <div class=\"fill banner-link\"><\/div>            \n\n\t<div class=\"img has-hover x50 md-x50 lg-x50 y50 md-y50 lg-y50\" id=\"image_1537501362\">\n\t\t\t\t\t\t\t\t<div class=\"img-inner dark\" >\n\t\t\t<img loading=\"lazy\" decoding=\"async\" width=\"1024\" height=\"1024\" src=\"https:\/\/lotsdenadal.cat\/wp-content\/uploads\/2025\/01\/pb-pedregosa-petit-cuvee.jpg\" class=\"attachment-original size-original\" alt=\"Cava Petit Cuv\u00e9e Bodega Castelo de Pedregosa Brut Nature ecol\u00f3gico\" srcset=\"https:\/\/lotsdenadal.cat\/wp-content\/uploads\/2025\/01\/pb-pedregosa-petit-cuvee.jpg 1024w, https:\/\/lotsdenadal.cat\/wp-content\/uploads\/2025\/01\/pb-pedregosa-petit-cuvee-400x400.jpg 400w, https:\/\/lotsdenadal.cat\/wp-content\/uploads\/2025\/01\/pb-pedregosa-petit-cuvee-800x800.jpg 800w, https:\/\/lotsdenadal.cat\/wp-content\/uploads\/2025\/01\/pb-pedregosa-petit-cuvee-280x280.jpg 280w, https:\/\/lotsdenadal.cat\/wp-content\/uploads\/2025\/01\/pb-pedregosa-petit-cuvee-768x768.jpg 768w, https:\/\/lotsdenadal.cat\/wp-content\/uploads\/2025\/01\/pb-pedregosa-petit-cuvee-100x100.jpg 100w\" sizes=\"auto, (max-width: 1024px) 100vw, 1024px\" \/>\t\t\t\t\t\t\n\t\t\t\t\t<\/div>\n\t\t\t\t\t\t\t\t\n<style>\n#image_1537501362 {\n  width: 35%;\n}\n@media (min-width:550px) {\n  #image_1537501362 {\n    width: 100%;\n  }\n}\n@media (min-width:850px) {\n  #image_1537501362 {\n    width: 60%;\n  }\n}\n<\/style>\n\t<\/div>\n\t\n\n\n        <\/div>\n      <\/div>\n\n            \n<style>\n#banner-2122736696 {\n  padding-top: 200px;\n  background-color: rgb(255,255,255);\n}\n@media (min-width:850px) {\n  #banner-2122736696 {\n    padding-top: 200px;\n  }\n}\n<\/style>\n  <\/div>\n\n\n\n\t\t<\/div>\n\t\t\t\t\t<\/div>\n\n\t\n\n\t<div id=\"col-1439283875\" class=\"col medium-5 small-12 large-5\"  >\n\t\t\t\t<div class=\"col-inner text-center\"  >\n\t\t\t\n\t\t\t\n\n\n  <div class=\"banner has-hover\" id=\"banner-1235878250\">\n          <div class=\"banner-inner fill\">\n        <div class=\"banner-bg fill\" >\n            <img loading=\"lazy\" decoding=\"async\" width=\"550\" height=\"250\" src=\"https:\/\/lotsdenadal.cat\/wp-content\/uploads\/2025\/01\/pb-pedregosa-petit-cuvee-b.jpg\" class=\"bg attachment-large size-large\" alt=\"Castelo de Pedregosa\" \/>                                    \n                    <\/div>\n\t\t\n        <div class=\"banner-layers container\">\n            <div class=\"fill banner-link\"><\/div>            \n\n\n        <\/div>\n      <\/div>\n\n            \n<style>\n#banner-1235878250 {\n  padding-top: 180px;\n  background-color: rgb(255, 255, 255);\n}\n#banner-1235878250 .banner-bg img {\n  object-position: 49% 56%;\n}\n@media (min-width:550px) {\n  #banner-1235878250 {\n    padding-top: 190px;\n  }\n}\n@media (min-width:850px) {\n  #banner-1235878250 {\n    padding-top: 200px;\n  }\n}\n<\/style>\n  <\/div>\n\n\n\n\t\t<\/div>\n\t\t\t\t\t<\/div>\n\n\t\n\n<\/div>\n<div class=\"row align-middle\"  id=\"row-2033361984\">\r\n\r\n\n\t<div id=\"col-2077200810\" class=\"col medium-7 small-12 large-4\"  >\n\t\t\t\t<div class=\"col-inner\"  >\n\t\t\t\n\t\t\t\r\n\r\n<h4><a href=\"https:\/\/torronsgarciasirvent.es\/es\/producto\/turron-artesano-de-yema-quemada\/\" target=\"_blank\" rel=\"noopener\">TURR\u00d3N DE YEMA QUEMADA GARCIA SIRVENT<\/a><\/h4>\r\n<p>Se elabora a partir de una base de almendras molidas mezcladas con yema de huevo y az\u00facar disuelto en agua. La mezcla se coloca en un molde de madera especial. Cuando ya est\u00e1 fr\u00edo, se corta en forma de barras y en la parte superior del turr\u00f3n se esparce una fina capa de az\u00facar que se carameliza con una plancha ardiente para conseguir as\u00ed una textura m\u00e1s sofisticada.<\/p>\r\n\r\n\t\t<\/div>\n\t\t\t\t\t<\/div>\n\n\t\r\n\n\t<div id=\"col-2088651588\" class=\"col hide-for-medium medium-5 small-12 large-3\"  >\n\t\t\t\t<div class=\"col-inner\"  >\n\t\t\t\n\t\t\t\r\n\r\n\n  <div class=\"banner has-hover\" id=\"banner-1528096893\">\n          <div class=\"banner-inner fill\">\n        <div class=\"banner-bg fill\" >\n                                                \n                    <\/div>\n\t\t\n        <div class=\"banner-layers container\">\n            <div class=\"fill banner-link\"><\/div>            \r\n\r\n\t<div class=\"img has-hover x50 md-x50 lg-x50 y50 md-y50 lg-y50\" id=\"image_1826729779\">\n\t\t\t\t\t\t\t\t<div class=\"img-inner dark\" >\n\t\t\t<img loading=\"lazy\" decoding=\"async\" width=\"1024\" height=\"1024\" src=\"https:\/\/lotsdenadal.cat\/wp-content\/uploads\/2025\/09\/pd-torro-de-gema-cremada.jpg\" class=\"attachment-original size-original\" alt=\"Turr\u00f3n de yema cremada Garcia Sirvent\" srcset=\"https:\/\/lotsdenadal.cat\/wp-content\/uploads\/2025\/09\/pd-torro-de-gema-cremada.jpg 1024w, https:\/\/lotsdenadal.cat\/wp-content\/uploads\/2025\/09\/pd-torro-de-gema-cremada-400x400.jpg 400w, https:\/\/lotsdenadal.cat\/wp-content\/uploads\/2025\/09\/pd-torro-de-gema-cremada-800x800.jpg 800w, https:\/\/lotsdenadal.cat\/wp-content\/uploads\/2025\/09\/pd-torro-de-gema-cremada-280x280.jpg 280w, https:\/\/lotsdenadal.cat\/wp-content\/uploads\/2025\/09\/pd-torro-de-gema-cremada-768x768.jpg 768w, https:\/\/lotsdenadal.cat\/wp-content\/uploads\/2025\/09\/pd-torro-de-gema-cremada-100x100.jpg 100w\" sizes=\"auto, (max-width: 1024px) 100vw, 1024px\" \/>\t\t\t\t\t\t\n\t\t\t\t\t<\/div>\n\t\t\t\t\t\t\t\t\n<style>\n#image_1826729779 {\n  width: 35%;\n}\n@media (min-width:550px) {\n  #image_1826729779 {\n    width: 100%;\n  }\n}\n@media (min-width:850px) {\n  #image_1826729779 {\n    width: 60%;\n  }\n}\n<\/style>\n\t<\/div>\n\t\r\n\r\n\r\n        <\/div>\n      <\/div>\n\n            \n<style>\n#banner-1528096893 {\n  padding-top: 200px;\n  background-color: rgb(255,255,255);\n}\n@media (min-width:850px) {\n  #banner-1528096893 {\n    padding-top: 200px;\n  }\n}\n<\/style>\n  <\/div>\n\n\r\n\r\n\t\t<\/div>\n\t\t\t\t\t<\/div>\n\n\t\r\n\n\t<div id=\"col-2045211893\" class=\"col medium-5 small-12 large-5\"  >\n\t\t\t\t<div class=\"col-inner text-center\"  >\n\t\t\t\n\t\t\t\r\n\r\n\n  <div class=\"banner has-hover\" id=\"banner-147678343\">\n          <div class=\"banner-inner fill\">\n        <div class=\"banner-bg fill\" >\n            <img loading=\"lazy\" decoding=\"async\" width=\"550\" height=\"250\" src=\"https:\/\/lotsdenadal.cat\/wp-content\/uploads\/2025\/09\/pd-torro-de-gema-cremada-b.jpg\" class=\"bg attachment-large size-large\" alt=\"Garcia Sirvent\" \/>                                    \n                    <\/div>\n\t\t\n        <div class=\"banner-layers container\">\n            <div class=\"fill banner-link\"><\/div>            \r\n\r\n\r\n        <\/div>\n      <\/div>\n\n            \n<style>\n#banner-147678343 {\n  padding-top: 180px;\n  background-color: rgb(255, 255, 255);\n}\n#banner-147678343 .banner-bg img {\n  object-position: 53% 68%;\n}\n@media (min-width:550px) {\n  #banner-147678343 {\n    padding-top: 190px;\n  }\n}\n@media (min-width:850px) {\n  #banner-147678343 {\n    padding-top: 200px;\n  }\n}\n<\/style>\n  <\/div>\n\n\r\n\r\n\t\t<\/div>\n\t\t\t\t\t<\/div>\n\n\t\r\n\r\n<\/div>\n","protected":false},"excerpt":{"rendered":"<h4><span style=\"font-size: 27px; line-height: 0.8 em; font-weight: 200; color:#ceb098;\">Tast Artes\u00e0 premium | 2 productos <\/span><span style=\"font-size: 27px; line-height: 0.8 em; font-weight: 200; color:  #becd4f;\"> | <\/span><img decoding=\"async\" src=\"\/wp-content\/uploads\/2023\/09\/eco_ue.jpg\"  alt=\"Certificado CCPAE\" width=\"35\"\/><span style=\"font-size: 20px; line-height: 1 em; font-weight: 200; color: #becd4f;\"> 1 ecol\u00f3gico<\/span><\/h4>\n<div class=\"row row-collapse row-full-width align-middle\"  id=\"row-465518326\">\n\t<div id=\"col-1028087066\" class=\"col medium-2 small-3 large-2\"  >\n\t\t\t\t<div class=\"col-inner\"  >\n\t\t\t\n\t\t\t<img loading=\"lazy\" decoding=\"async\" class=\"alignleft\" src=\"\/wp-content\/uploads\/2023\/09\/lots-de-nadal-sense-oli-palma.png\"  alt=\"Lote de Navidad sin aceite de palma\" width=\"90\" height=\"90\" \/>\t\t<\/div>\n\t\t\t\t\t<\/div>\n\n\t\n\t<div id=\"col-1558445344\" class=\"col medium-2 small-3 large-2\"  >\n\t\t\t\t<div class=\"col-inner\"  >\n\t\t\t\n\t\t\t<img loading=\"lazy\" decoding=\"async\" class=\"alignleft\" src=\"\/wp-content\/uploads\/2023\/06\/lots-de-nadal-vegetaria.png\"  alt=\"Lote de Navidad vegetariano\" width=\"90\" height=\"90\" \/>\t\t<\/div>\n\t\t\t\t\t<\/div>\n\n\t\n\t<div id=\"col-205129435\" class=\"col medium-2 small-3 large-2\"  >\n\t\t\t\t<div class=\"col-inner\"  >\n\t\t\t\n\t\t\t<img loading=\"lazy\" decoding=\"async\" class=\"alignleft\" src=\"\/wp-content\/uploads\/2023\/06\/lots-de-nadal-sense-gluten.png\"  alt=\"Lote de Navidad sin gluten\" width=\"90\" height=\"90\" \/>\t\t<\/div>\n\t\t\t\t\t<\/div>\n\n\t\n<style>\n#row-465518326 > .col > .col-inner {\n  padding: -50px 0px 0px 0px;\n}\n<\/style>\n<\/div>\n<h4><\/h4>\n<ul>\n<li>\n<tr>\n<td><img decoding=\"async\" src=\"\/wp-content\/uploads\/2023\/09\/eco_mini.png\"  alt=\"producto eco\u00f3gico\" width=\"12\"\/><\/td>\n<td><span style=\"font-size: 87%\">Petit Cuv\u00e9e. Cava eco BN elaborado con Macabeu Xarel\u00b7lo Parellada Castelo de Pedregosa<\/span><\/td>\n<\/tr>\n<\/li>\n<li>\n<tr>\n<td><span style=\"font-size: 87%\">&nbsp;&nbsp;&nbsp;&nbsp;Turr\u00f3n de yema quemada elaborado por la familia Garcia Sirvent. El sabor de la tradici\u00f3n 300 g.<\/span><\/td>\n<\/tr>\n<\/li>\n<\/ul>\n<\/div>\n","protected":false},"featured_media":500579,"template":"","meta":{"_monsterinsights_skip_tracking":false,"_monsterinsights_sitenote_active":false,"_monsterinsights_sitenote_note":"","_monsterinsights_sitenote_category":0},"product_brand":[],"product_cat":[125,127,163,164],"product_tag":[142,143,132,134,137],"class_list":{"0":"post-1000102","1":"product","2":"type-product","3":"status-publish","4":"has-post-thumbnail","6":"product_cat-todos","7":"product_cat-hasta-39-95-euros","8":"product_cat-regalos-de-empresa","9":"product_cat-desde-17-95-euros","10":"product_tag-cava-es","11":"product_tag-cava-brut-nature-es","12":"product_tag-dulces-es","13":"product_tag-regalos-gastronomicos-es","14":"product_tag-turrones-es","16":"first","17":"instock","18":"taxable","19":"shipping-taxable","20":"purchasable","21":"product-type-simple"},"group_of_quantity":0,"min_quantity":0,"max_quantity":"","exclude_order_quantity_value_rules":"no","exclude_category_quantity_rules":"no","combine_variations":"no","yoast_head":"<!-- This site is optimized with the Yoast SEO Premium plugin v25.8 (Yoast SEO v25.8) - https:\/\/yoast.com\/wordpress\/plugins\/seo\/ -->\n<title>Regalo Gastron\u00f3mico Artes\u00e0 P-102 | Harcogourmet<\/title>\n<meta name=\"description\" content=\"\u00bfBuscas Regalos Gastron\u00f3micos? El Regalo Gastron\u00f3mico Artes\u00e0P-102 es un Regalo Gastron\u00f3mico con productos catalanes. Elige tus Regalos Gastron\u00f3micos\" \/>\n<meta name=\"robots\" content=\"index, follow, max-snippet:-1, max-image-preview:large, max-video-preview:-1\" \/>\n<link rel=\"canonical\" href=\"https:\/\/lotsdenadal.cat\/es\/producto\/regalo-gastronomico-artesa-p-102\/\" \/>\n<meta property=\"og:locale\" content=\"es_ES\" \/>\n<meta property=\"og:type\" content=\"article\" \/>\n<meta property=\"og:title\" content=\"Regalo Gastron\u00f3mico Artes\u00e0 P-102\" \/>\n<meta property=\"og:description\" content=\"\u00bfBuscas Regalos Gastron\u00f3micos? El Regalo Gastron\u00f3mico Artes\u00e0P-102 es un Regalo Gastron\u00f3mico con productos catalanes. Elige tus Regalos Gastron\u00f3micos\" \/>\n<meta property=\"og:url\" content=\"https:\/\/lotsdenadal.cat\/es\/producto\/regalo-gastronomico-artesa-p-102\/\" \/>\n<meta property=\"og:site_name\" content=\"Lotes de Navidad\" \/>\n<meta property=\"article:publisher\" content=\"https:\/\/facebook.com\/harcogourmet\" \/>\n<meta property=\"article:modified_time\" content=\"2025-09-18T00:19:56+00:00\" \/>\n<meta property=\"og:image\" content=\"https:\/\/lotsdenadal.cat\/wp-content\/uploads\/2023\/08\/regal-gastronomic-artesa-P-102.jpg\" \/>\n\t<meta property=\"og:image:width\" content=\"1500\" \/>\n\t<meta property=\"og:image:height\" content=\"1500\" \/>\n\t<meta property=\"og:image:type\" content=\"image\/jpeg\" \/>\n<meta name=\"twitter:card\" content=\"summary_large_image\" \/>\n<meta name=\"twitter:site\" content=\"@harcogourmet\" \/>\n<meta name=\"twitter:label1\" content=\"Precio\" \/>\n\t<meta name=\"twitter:data1\" content=\"27,95&nbsp;&euro; + IVA\" \/>\n\t<meta name=\"twitter:label2\" content=\"Disponibilidad\" \/>\n\t<meta name=\"twitter:data2\" content=\"Disponible\" \/>\n<script type=\"application\/ld+json\" class=\"yoast-schema-graph\">{\"@context\":\"https:\/\/schema.org\",\"@graph\":[{\"@type\":\"WebPage\",\"@id\":\"https:\/\/lotsdenadal.cat\/es\/producto\/regalo-gastronomico-artesa-p-102\/\",\"url\":\"https:\/\/lotsdenadal.cat\/es\/producto\/regalo-gastronomico-artesa-p-102\/\",\"name\":\"Regalo Gastron\u00f3mico Artes\u00e0 P-102 | Harcogourmet\",\"isPartOf\":{\"@id\":\"https:\/\/lotsdenadal.cat\/es\/#website\"},\"primaryImageOfPage\":{\"@id\":\"https:\/\/lotsdenadal.cat\/es\/producto\/regalo-gastronomico-artesa-p-102\/#primaryimage\"},\"image\":{\"@id\":\"https:\/\/lotsdenadal.cat\/es\/producto\/regalo-gastronomico-artesa-p-102\/#primaryimage\"},\"thumbnailUrl\":\"https:\/\/lotsdenadal.cat\/wp-content\/uploads\/2023\/08\/regal-gastronomic-artesa-P-102.jpg\",\"datePublished\":\"2023-08-23T20:30:56+00:00\",\"dateModified\":\"2025-09-18T00:19:56+00:00\",\"description\":\"\u00bfBuscas Regalos Gastron\u00f3micos? El Regalo Gastron\u00f3mico Artes\u00e0P-102 es un Regalo Gastron\u00f3mico con productos catalanes. Elige tus Regalos Gastron\u00f3micos\",\"breadcrumb\":{\"@id\":\"https:\/\/lotsdenadal.cat\/es\/producto\/regalo-gastronomico-artesa-p-102\/#breadcrumb\"},\"inLanguage\":\"es\",\"potentialAction\":[{\"@type\":\"ReadAction\",\"target\":[\"https:\/\/lotsdenadal.cat\/es\/producto\/regalo-gastronomico-artesa-p-102\/\"]}]},{\"@type\":\"ImageObject\",\"inLanguage\":\"es\",\"@id\":\"https:\/\/lotsdenadal.cat\/es\/producto\/regalo-gastronomico-artesa-p-102\/#primaryimage\",\"url\":\"https:\/\/lotsdenadal.cat\/wp-content\/uploads\/2023\/08\/regal-gastronomic-artesa-P-102.jpg\",\"contentUrl\":\"https:\/\/lotsdenadal.cat\/wp-content\/uploads\/2023\/08\/regal-gastronomic-artesa-P-102.jpg\",\"width\":1500,\"height\":1500,\"caption\":\"Regalos Gastronomicos, Tast Artes\u00e0 P-102, regalos de empresa, regalo empresa, detalle empresa\"},{\"@type\":\"BreadcrumbList\",\"@id\":\"https:\/\/lotsdenadal.cat\/es\/producto\/regalo-gastronomico-artesa-p-102\/#breadcrumb\",\"itemListElement\":[{\"@type\":\"ListItem\",\"position\":1,\"name\":\"Inicio\",\"item\":\"https:\/\/lotsdenadal.cat\/es\/\"},{\"@type\":\"ListItem\",\"position\":2,\"name\":\"Elige tu Cesta de Navidad\",\"item\":\"https:\/\/lotsdenadal.cat\/es\/elige-tu-lote-de-navidad\/\"},{\"@type\":\"ListItem\",\"position\":3,\"name\":\"Regalo Gastron\u00f3mico Artes\u00e0 P-102\"}]},{\"@type\":\"WebSite\",\"@id\":\"https:\/\/lotsdenadal.cat\/es\/#website\",\"url\":\"https:\/\/lotsdenadal.cat\/es\/\",\"name\":\"Lots de Nadal Harcogourmet\",\"description\":\"Lotes de Navidad con productos catalanes\",\"publisher\":{\"@id\":\"https:\/\/lotsdenadal.cat\/es\/#organization\"},\"alternateName\":\"LN Harcogourmet\",\"potentialAction\":[{\"@type\":\"SearchAction\",\"target\":{\"@type\":\"EntryPoint\",\"urlTemplate\":\"https:\/\/lotsdenadal.cat\/es\/?s={search_term_string}\"},\"query-input\":{\"@type\":\"PropertyValueSpecification\",\"valueRequired\":true,\"valueName\":\"search_term_string\"}}],\"inLanguage\":\"es\"},{\"@type\":\"Organization\",\"@id\":\"https:\/\/lotsdenadal.cat\/es\/#organization\",\"name\":\"Lotes de Navidad Harcogourmet\",\"alternateName\":\"Harcogourmet\",\"url\":\"https:\/\/lotsdenadal.cat\/es\/\",\"logo\":{\"@type\":\"ImageObject\",\"inLanguage\":\"es\",\"@id\":\"https:\/\/lotsdenadal.cat\/es\/#\/schema\/logo\/image\/\",\"url\":\"https:\/\/lotsdenadal.cat\/wp-content\/uploads\/2023\/06\/HG_negre.png\",\"contentUrl\":\"https:\/\/lotsdenadal.cat\/wp-content\/uploads\/2023\/06\/HG_negre.png\",\"width\":604,\"height\":108,\"caption\":\"Lotes de Navidad Harcogourmet\"},\"image\":{\"@id\":\"https:\/\/lotsdenadal.cat\/es\/#\/schema\/logo\/image\/\"},\"sameAs\":[\"https:\/\/facebook.com\/harcogourmet\",\"https:\/\/x.com\/harcogourmet\",\"https:\/\/instagram.com\/harcogourmet\",\"https:\/\/www.linkedin.com\/company\/3240347\/\",\"https:\/\/www.youtube.com\/channel\/UCoWNvGkEBJxGoCzwURxSrcQ\"]}]}<\/script>\n<meta property=\"product:price:amount\" content=\"27.95\" \/>\n<meta property=\"product:price:currency\" content=\"EUR\" \/>\n<meta property=\"og:availability\" content=\"instock\" \/>\n<meta property=\"product:availability\" content=\"instock\" \/>\n<meta property=\"product:retailer_item_id\" content=\"25AP_0102\" \/>\n<meta property=\"product:condition\" content=\"new\" \/>\n<!-- \/ Yoast SEO Premium plugin. -->","yoast_head_json":{"title":"Regalo Gastron\u00f3mico Artes\u00e0 P-102 | Harcogourmet","description":"\u00bfBuscas Regalos Gastron\u00f3micos? El Regalo Gastron\u00f3mico Artes\u00e0P-102 es un Regalo Gastron\u00f3mico con productos catalanes. Elige tus Regalos Gastron\u00f3micos","robots":{"index":"index","follow":"follow","max-snippet":"max-snippet:-1","max-image-preview":"max-image-preview:large","max-video-preview":"max-video-preview:-1"},"canonical":"https:\/\/lotsdenadal.cat\/es\/producto\/regalo-gastronomico-artesa-p-102\/","og_locale":"es_ES","og_type":"article","og_title":"Regalo Gastron\u00f3mico Artes\u00e0 P-102","og_description":"\u00bfBuscas Regalos Gastron\u00f3micos? El Regalo Gastron\u00f3mico Artes\u00e0P-102 es un Regalo Gastron\u00f3mico con productos catalanes. Elige tus Regalos Gastron\u00f3micos","og_url":"https:\/\/lotsdenadal.cat\/es\/producto\/regalo-gastronomico-artesa-p-102\/","og_site_name":"Lotes de Navidad","article_publisher":"https:\/\/facebook.com\/harcogourmet","article_modified_time":"2025-09-18T00:19:56+00:00","og_image":[{"width":1500,"height":1500,"url":"https:\/\/lotsdenadal.cat\/wp-content\/uploads\/2023\/08\/regal-gastronomic-artesa-P-102.jpg","type":"image\/jpeg"}],"twitter_card":"summary_large_image","twitter_site":"@harcogourmet","twitter_misc":{"Precio":"27,95&nbsp;&euro; + IVA","Disponibilidad":"Disponible"},"schema":{"@context":"https:\/\/schema.org","@graph":[{"@type":"WebPage","@id":"https:\/\/lotsdenadal.cat\/es\/producto\/regalo-gastronomico-artesa-p-102\/","url":"https:\/\/lotsdenadal.cat\/es\/producto\/regalo-gastronomico-artesa-p-102\/","name":"Regalo Gastron\u00f3mico Artes\u00e0 P-102 | Harcogourmet","isPartOf":{"@id":"https:\/\/lotsdenadal.cat\/es\/#website"},"primaryImageOfPage":{"@id":"https:\/\/lotsdenadal.cat\/es\/producto\/regalo-gastronomico-artesa-p-102\/#primaryimage"},"image":{"@id":"https:\/\/lotsdenadal.cat\/es\/producto\/regalo-gastronomico-artesa-p-102\/#primaryimage"},"thumbnailUrl":"https:\/\/lotsdenadal.cat\/wp-content\/uploads\/2023\/08\/regal-gastronomic-artesa-P-102.jpg","datePublished":"2023-08-23T20:30:56+00:00","dateModified":"2025-09-18T00:19:56+00:00","description":"\u00bfBuscas Regalos Gastron\u00f3micos? El Regalo Gastron\u00f3mico Artes\u00e0P-102 es un Regalo Gastron\u00f3mico con productos catalanes. Elige tus Regalos Gastron\u00f3micos","breadcrumb":{"@id":"https:\/\/lotsdenadal.cat\/es\/producto\/regalo-gastronomico-artesa-p-102\/#breadcrumb"},"inLanguage":"es","potentialAction":[{"@type":"ReadAction","target":["https:\/\/lotsdenadal.cat\/es\/producto\/regalo-gastronomico-artesa-p-102\/"]}]},{"@type":"ImageObject","inLanguage":"es","@id":"https:\/\/lotsdenadal.cat\/es\/producto\/regalo-gastronomico-artesa-p-102\/#primaryimage","url":"https:\/\/lotsdenadal.cat\/wp-content\/uploads\/2023\/08\/regal-gastronomic-artesa-P-102.jpg","contentUrl":"https:\/\/lotsdenadal.cat\/wp-content\/uploads\/2023\/08\/regal-gastronomic-artesa-P-102.jpg","width":1500,"height":1500,"caption":"Regalos Gastronomicos, Tast Artes\u00e0 P-102, regalos de empresa, regalo empresa, detalle empresa"},{"@type":"BreadcrumbList","@id":"https:\/\/lotsdenadal.cat\/es\/producto\/regalo-gastronomico-artesa-p-102\/#breadcrumb","itemListElement":[{"@type":"ListItem","position":1,"name":"Inicio","item":"https:\/\/lotsdenadal.cat\/es\/"},{"@type":"ListItem","position":2,"name":"Elige tu Cesta de Navidad","item":"https:\/\/lotsdenadal.cat\/es\/elige-tu-lote-de-navidad\/"},{"@type":"ListItem","position":3,"name":"Regalo Gastron\u00f3mico Artes\u00e0 P-102"}]},{"@type":"WebSite","@id":"https:\/\/lotsdenadal.cat\/es\/#website","url":"https:\/\/lotsdenadal.cat\/es\/","name":"Lots de Nadal Harcogourmet","description":"Lotes de Navidad con productos catalanes","publisher":{"@id":"https:\/\/lotsdenadal.cat\/es\/#organization"},"alternateName":"LN Harcogourmet","potentialAction":[{"@type":"SearchAction","target":{"@type":"EntryPoint","urlTemplate":"https:\/\/lotsdenadal.cat\/es\/?s={search_term_string}"},"query-input":{"@type":"PropertyValueSpecification","valueRequired":true,"valueName":"search_term_string"}}],"inLanguage":"es"},{"@type":"Organization","@id":"https:\/\/lotsdenadal.cat\/es\/#organization","name":"Lotes de Navidad Harcogourmet","alternateName":"Harcogourmet","url":"https:\/\/lotsdenadal.cat\/es\/","logo":{"@type":"ImageObject","inLanguage":"es","@id":"https:\/\/lotsdenadal.cat\/es\/#\/schema\/logo\/image\/","url":"https:\/\/lotsdenadal.cat\/wp-content\/uploads\/2023\/06\/HG_negre.png","contentUrl":"https:\/\/lotsdenadal.cat\/wp-content\/uploads\/2023\/06\/HG_negre.png","width":604,"height":108,"caption":"Lotes de Navidad Harcogourmet"},"image":{"@id":"https:\/\/lotsdenadal.cat\/es\/#\/schema\/logo\/image\/"},"sameAs":["https:\/\/facebook.com\/harcogourmet","https:\/\/x.com\/harcogourmet","https:\/\/instagram.com\/harcogourmet","https:\/\/www.linkedin.com\/company\/3240347\/","https:\/\/www.youtube.com\/channel\/UCoWNvGkEBJxGoCzwURxSrcQ"]}]},"product_price_amount":"27.95","product_price_currency":"EUR","og_availability":"instock","product_availability":"instock","product_retailer_item_id":"25AP_0102","product_condition":"new"},"_links":{"self":[{"href":"https:\/\/lotsdenadal.cat\/es\/wp-json\/wp\/v2\/product\/1000102","targetHints":{"allow":["GET"]}}],"collection":[{"href":"https:\/\/lotsdenadal.cat\/es\/wp-json\/wp\/v2\/product"}],"about":[{"href":"https:\/\/lotsdenadal.cat\/es\/wp-json\/wp\/v2\/types\/product"}],"wp:featuredmedia":[{"embeddable":true,"href":"https:\/\/lotsdenadal.cat\/es\/wp-json\/wp\/v2\/media\/500579"}],"wp:attachment":[{"href":"https:\/\/lotsdenadal.cat\/es\/wp-json\/wp\/v2\/media?parent=1000102"}],"wp:term":[{"taxonomy":"product_brand","embeddable":true,"href":"https:\/\/lotsdenadal.cat\/es\/wp-json\/wp\/v2\/product_brand?post=1000102"},{"taxonomy":"product_cat","embeddable":true,"href":"https:\/\/lotsdenadal.cat\/es\/wp-json\/wp\/v2\/product_cat?post=1000102"},{"taxonomy":"product_tag","embeddable":true,"href":"https:\/\/lotsdenadal.cat\/es\/wp-json\/wp\/v2\/product_tag?post=1000102"}],"curies":[{"name":"wp","href":"https:\/\/api.w.org\/{rel}","templated":true}]}}