{"id":72,"date":"2017-08-30T08:50:27","date_gmt":"2017-08-30T06:50:27","guid":{"rendered":"https:\/\/lotsdenadal.cat\/metodos-de-pago\/"},"modified":"2023-09-18T16:01:26","modified_gmt":"2023-09-18T14:01:26","slug":"metodos-de-pago","status":"publish","type":"page","link":"https:\/\/lotsdenadal.cat\/es\/metodos-de-pago\/","title":{"rendered":"M\u00e9todos de Pago"},"content":{"rendered":"\n<div class=\"row\"  id=\"row-1923875831\">\n\n\n\t<div id=\"col-92117232\" class=\"col medium-3 small-12 large-3\"  >\n\t\t\t\t<div class=\"col-inner\"  >\n\t\t\t\n\t\t\t\n\n<ul class=\"sidebar-wrapper ul-reset\"><\/ul>\n\n\n\t\t<\/div>\n\t\t\t\t\t<\/div>\n\n\t\n\n\t<div id=\"col-2076232842\" class=\"col medium-9 small-12 large-9\"  >\n\t\t\t\t<div class=\"col-inner\"  >\n\t\t\t\n\t\t\t\n\n<h1>M\u00e9todos de Pago<\/h1>\n<p><strong>\u00bfQu\u00e9 formas de pago se pueden utilizar para realizar una compra?<\/strong><\/p>\n<p>Disponemos de los siguientes medios de pago: Visa, Visa Electron, Maestro, MasterCard, transferencia bancaria y Ingreso en cuenta corriente.<\/p>\n<h2>Tarjeta de cr\u00e9dito<\/h2>\n<p>Pago mediante tarjeta de cr\u00e9dito.<\/p>\n<p>Se realiza a trav\u00e9s de la pasarela de pago seguro online de CaixaGuissona, directamente con la entidad bancaria y con el sistema <a href=\"http:\/\/www.redsys.es\/wps\/portal\/redsys\/publica\/areadenegocio\/serviciosDeEmision\/comercioElectronicoSeguro\/!ut\/p\/a1\/jZDBboJAEIafxQPHsj9gEHpbDGwXtRyIinsxkKwrCWUNYEnfvpRDkzaKzm0m35eZf4ggGRF1_lmqvCt1nVc_vXCPPvVDizPwJHVt8N37xl4nFF7kDsBhAN6SJbPsFDFbBD4orCBAugZS-zn_DsCixXM-7hTFI39PxIj8JvDCyANlznIT89DBav4fuBFxasmYYQQmjoyJUJUuxocfaF04niKikSfZyMa8NsP43HWX9tWAgb7vTaW1qqQpWwO3jLNuO5L9AcnlY7vNUPIXUXz1dDb7BobcDyU!\/dl5\/d5\/L2dBISEvZ0FBIS9nQSEh\/\">REDSYS<\/a>.<\/p>\n<p>Mediante esta modalidad de pago Harcogourmet confiere total seguridad a la transmisi\u00f3n de datos a trav\u00e9s de la red. Sus datos gozan de total confidencialidad y protecci\u00f3n. La empresa no recoge ni manipula ning\u00fan dato del cliente relacionado con su n\u00famero de tarjeta de cr\u00e9dito. Todos los datos son gestionados directamente por CaixaGuissona.<\/p>\n<p>Las tarjetas que actualmente admite la pasarela de pago son todas aquellas que tengan el distintivo Visa, Visa Electron, Maestro, MasterCard.,<\/p>\n<h2>Transferencia bancaria<\/h2>\n<p>Pago mediante transferencia bancaria.<\/p>\n<p>Una vez finalizado su pedido, si marca la opci\u00f3n de pago mediante transferencia bancaria, le enviaremos un email con: n\u00famero de pedido, importe del pedido y el n\u00famero de cuenta. Recuerde que deber\u00e1 indicar como concepto del pago el n\u00famero de referencia de su pedido. El pago se efectuar\u00e1 en Euros (\u20ac) y todas las eventuales comisiones generadas por esta forma de pago son a cargo del comprador.<\/p>\n<p>El pedido se considerar\u00e1 efectiva una vez se pueda comprobar el correspondiente ingreso en la cuenta corriente de la empresa. Debe tener en cuenta que las transferencias suelen tardar aproximadamente 48 horas en hacerse efectivas.<\/p>\n<h2>Ingreso en cuenta corriente<\/h2>\n<p>Pago mediante ingreso en cuenta corriente.<\/p>\n<p>Una vez finalizado su pedido, si marca la opci\u00f3n de pago mediante transferencia bancaria, le enviaremos un email con: n\u00famero de pedido, importe del pedido y el n\u00famero de cuenta. Recuerde al hacer el ingreso en la cuenta corriente que deber\u00e1 indicar como concepto del pago el n\u00famero de referencia de su pedido.<\/p>\n<p>El pedido se considerar\u00e1 efectiva una vez se pueda comprobar el correspondiente ingreso en la cuenta corriente de la empresa.<\/p>\n<p>\u00a0<\/p>\n<p>Si tiene alguna duda llamar al telf. 93 126 45 19 o enviar un email a hola@harcogourmet.com<\/p>\n\n\t\t<\/div>\n\t\t\t\t\t<\/div>\n\n\t\n\n<\/div>\n\n","protected":false},"excerpt":{"rendered":"","protected":false},"author":1,"featured_media":0,"parent":0,"menu_order":63,"comment_status":"closed","ping_status":"closed","template":"","meta":{"_monsterinsights_skip_tracking":false,"_monsterinsights_sitenote_active":false,"_monsterinsights_sitenote_note":"","_monsterinsights_sitenote_category":0,"footnotes":""},"class_list":["post-72","page","type-page","status-publish","hentry"],"yoast_head":"<!-- This site is optimized with the Yoast SEO Premium plugin v25.8 (Yoast SEO v25.8) - https:\/\/yoast.com\/wordpress\/plugins\/seo\/ -->\n<title>M\u00e9todos de Pago | Cestas y Lotes de Navidad Harcogourmet<\/title>\n<meta name=\"description\" content=\"Cestas y Lotes de Navidad de calidad. Mantenemos la tradici\u00f3n. Reconocemos el esfuerzo colectivo. Te ayudamos a sorprenderlos.\" \/>\n<meta name=\"robots\" content=\"noindex, follow\" \/>\n<meta property=\"og:locale\" content=\"es_ES\" \/>\n<meta property=\"og:type\" content=\"article\" \/>\n<meta property=\"og:title\" content=\"M\u00e9todos de Pago\" \/>\n<meta property=\"og:description\" content=\"Cestas y Lotes de Navidad de calidad. Mantenemos la tradici\u00f3n. Reconocemos el esfuerzo colectivo. Te ayudamos a sorprenderlos.\" \/>\n<meta property=\"og:url\" content=\"https:\/\/lotsdenadal.cat\/es\/metodos-de-pago\/\" \/>\n<meta property=\"og:site_name\" content=\"Lotes de Navidad\" \/>\n<meta property=\"article:publisher\" content=\"https:\/\/facebook.com\/harcogourmet\" \/>\n<meta property=\"article:modified_time\" content=\"2023-09-18T14:01:26+00:00\" \/>\n<meta property=\"og:image\" content=\"https:\/\/lotsdenadal.cat\/wp-content\/uploads\/2023\/06\/Lots-de-Nadal-Harcogourmet.jpg\" \/>\n\t<meta property=\"og:image:width\" content=\"1200\" \/>\n\t<meta property=\"og:image:height\" content=\"675\" \/>\n\t<meta property=\"og:image:type\" content=\"image\/jpeg\" \/>\n<meta name=\"twitter:card\" content=\"summary_large_image\" \/>\n<meta name=\"twitter:site\" content=\"@harcogourmet\" \/>\n<meta name=\"twitter:label1\" content=\"Tiempo de lectura\" \/>\n\t<meta name=\"twitter:data1\" content=\"2 minutos\" \/>\n<script type=\"application\/ld+json\" class=\"yoast-schema-graph\">{\"@context\":\"https:\/\/schema.org\",\"@graph\":[{\"@type\":\"WebPage\",\"@id\":\"https:\/\/lotsdenadal.cat\/es\/metodos-de-pago\/\",\"url\":\"https:\/\/lotsdenadal.cat\/es\/metodos-de-pago\/\",\"name\":\"M\u00e9todos de Pago | Cestas y Lotes de Navidad Harcogourmet\",\"isPartOf\":{\"@id\":\"https:\/\/lotsdenadal.cat\/es\/#website\"},\"datePublished\":\"2017-08-30T06:50:27+00:00\",\"dateModified\":\"2023-09-18T14:01:26+00:00\",\"description\":\"Cestas y Lotes de Navidad de calidad. Mantenemos la tradici\u00f3n. Reconocemos el esfuerzo colectivo. Te ayudamos a sorprenderlos.\",\"breadcrumb\":{\"@id\":\"https:\/\/lotsdenadal.cat\/es\/metodos-de-pago\/#breadcrumb\"},\"inLanguage\":\"es\",\"potentialAction\":[{\"@type\":\"ReadAction\",\"target\":[\"https:\/\/lotsdenadal.cat\/es\/metodos-de-pago\/\"]}]},{\"@type\":\"BreadcrumbList\",\"@id\":\"https:\/\/lotsdenadal.cat\/es\/metodos-de-pago\/#breadcrumb\",\"itemListElement\":[{\"@type\":\"ListItem\",\"position\":1,\"name\":\"Inicio\",\"item\":\"https:\/\/lotsdenadal.cat\/es\/\"},{\"@type\":\"ListItem\",\"position\":2,\"name\":\"M\u00e9todos de Pago\"}]},{\"@type\":\"WebSite\",\"@id\":\"https:\/\/lotsdenadal.cat\/es\/#website\",\"url\":\"https:\/\/lotsdenadal.cat\/es\/\",\"name\":\"Lots de Nadal Harcogourmet\",\"description\":\"Lotes de Navidad con productos catalanes\",\"publisher\":{\"@id\":\"https:\/\/lotsdenadal.cat\/es\/#organization\"},\"alternateName\":\"LN Harcogourmet\",\"potentialAction\":[{\"@type\":\"SearchAction\",\"target\":{\"@type\":\"EntryPoint\",\"urlTemplate\":\"https:\/\/lotsdenadal.cat\/es\/?s={search_term_string}\"},\"query-input\":{\"@type\":\"PropertyValueSpecification\",\"valueRequired\":true,\"valueName\":\"search_term_string\"}}],\"inLanguage\":\"es\"},{\"@type\":\"Organization\",\"@id\":\"https:\/\/lotsdenadal.cat\/es\/#organization\",\"name\":\"Lotes de Navidad Harcogourmet\",\"alternateName\":\"Harcogourmet\",\"url\":\"https:\/\/lotsdenadal.cat\/es\/\",\"logo\":{\"@type\":\"ImageObject\",\"inLanguage\":\"es\",\"@id\":\"https:\/\/lotsdenadal.cat\/es\/#\/schema\/logo\/image\/\",\"url\":\"https:\/\/lotsdenadal.cat\/wp-content\/uploads\/2023\/06\/HG_negre.png\",\"contentUrl\":\"https:\/\/lotsdenadal.cat\/wp-content\/uploads\/2023\/06\/HG_negre.png\",\"width\":604,\"height\":108,\"caption\":\"Lotes de Navidad Harcogourmet\"},\"image\":{\"@id\":\"https:\/\/lotsdenadal.cat\/es\/#\/schema\/logo\/image\/\"},\"sameAs\":[\"https:\/\/facebook.com\/harcogourmet\",\"https:\/\/x.com\/harcogourmet\",\"https:\/\/instagram.com\/harcogourmet\",\"https:\/\/www.linkedin.com\/company\/3240347\/\",\"https:\/\/www.youtube.com\/channel\/UCoWNvGkEBJxGoCzwURxSrcQ\"]}]}<\/script>\n<!-- \/ Yoast SEO Premium plugin. -->","yoast_head_json":{"title":"M\u00e9todos de Pago | Cestas y Lotes de Navidad Harcogourmet","description":"Cestas y Lotes de Navidad de calidad. Mantenemos la tradici\u00f3n. Reconocemos el esfuerzo colectivo. Te ayudamos a sorprenderlos.","robots":{"index":"noindex","follow":"follow"},"og_locale":"es_ES","og_type":"article","og_title":"M\u00e9todos de Pago","og_description":"Cestas y Lotes de Navidad de calidad. Mantenemos la tradici\u00f3n. Reconocemos el esfuerzo colectivo. Te ayudamos a sorprenderlos.","og_url":"https:\/\/lotsdenadal.cat\/es\/metodos-de-pago\/","og_site_name":"Lotes de Navidad","article_publisher":"https:\/\/facebook.com\/harcogourmet","article_modified_time":"2023-09-18T14:01:26+00:00","og_image":[{"width":1200,"height":675,"url":"https:\/\/lotsdenadal.cat\/wp-content\/uploads\/2023\/06\/Lots-de-Nadal-Harcogourmet.jpg","type":"image\/jpeg"}],"twitter_card":"summary_large_image","twitter_site":"@harcogourmet","twitter_misc":{"Tiempo de lectura":"2 minutos"},"schema":{"@context":"https:\/\/schema.org","@graph":[{"@type":"WebPage","@id":"https:\/\/lotsdenadal.cat\/es\/metodos-de-pago\/","url":"https:\/\/lotsdenadal.cat\/es\/metodos-de-pago\/","name":"M\u00e9todos de Pago | Cestas y Lotes de Navidad Harcogourmet","isPartOf":{"@id":"https:\/\/lotsdenadal.cat\/es\/#website"},"datePublished":"2017-08-30T06:50:27+00:00","dateModified":"2023-09-18T14:01:26+00:00","description":"Cestas y Lotes de Navidad de calidad. Mantenemos la tradici\u00f3n. Reconocemos el esfuerzo colectivo. Te ayudamos a sorprenderlos.","breadcrumb":{"@id":"https:\/\/lotsdenadal.cat\/es\/metodos-de-pago\/#breadcrumb"},"inLanguage":"es","potentialAction":[{"@type":"ReadAction","target":["https:\/\/lotsdenadal.cat\/es\/metodos-de-pago\/"]}]},{"@type":"BreadcrumbList","@id":"https:\/\/lotsdenadal.cat\/es\/metodos-de-pago\/#breadcrumb","itemListElement":[{"@type":"ListItem","position":1,"name":"Inicio","item":"https:\/\/lotsdenadal.cat\/es\/"},{"@type":"ListItem","position":2,"name":"M\u00e9todos de Pago"}]},{"@type":"WebSite","@id":"https:\/\/lotsdenadal.cat\/es\/#website","url":"https:\/\/lotsdenadal.cat\/es\/","name":"Lots de Nadal Harcogourmet","description":"Lotes de Navidad con productos catalanes","publisher":{"@id":"https:\/\/lotsdenadal.cat\/es\/#organization"},"alternateName":"LN Harcogourmet","potentialAction":[{"@type":"SearchAction","target":{"@type":"EntryPoint","urlTemplate":"https:\/\/lotsdenadal.cat\/es\/?s={search_term_string}"},"query-input":{"@type":"PropertyValueSpecification","valueRequired":true,"valueName":"search_term_string"}}],"inLanguage":"es"},{"@type":"Organization","@id":"https:\/\/lotsdenadal.cat\/es\/#organization","name":"Lotes de Navidad Harcogourmet","alternateName":"Harcogourmet","url":"https:\/\/lotsdenadal.cat\/es\/","logo":{"@type":"ImageObject","inLanguage":"es","@id":"https:\/\/lotsdenadal.cat\/es\/#\/schema\/logo\/image\/","url":"https:\/\/lotsdenadal.cat\/wp-content\/uploads\/2023\/06\/HG_negre.png","contentUrl":"https:\/\/lotsdenadal.cat\/wp-content\/uploads\/2023\/06\/HG_negre.png","width":604,"height":108,"caption":"Lotes de Navidad Harcogourmet"},"image":{"@id":"https:\/\/lotsdenadal.cat\/es\/#\/schema\/logo\/image\/"},"sameAs":["https:\/\/facebook.com\/harcogourmet","https:\/\/x.com\/harcogourmet","https:\/\/instagram.com\/harcogourmet","https:\/\/www.linkedin.com\/company\/3240347\/","https:\/\/www.youtube.com\/channel\/UCoWNvGkEBJxGoCzwURxSrcQ"]}]}},"_links":{"self":[{"href":"https:\/\/lotsdenadal.cat\/es\/wp-json\/wp\/v2\/pages\/72","targetHints":{"allow":["GET"]}}],"collection":[{"href":"https:\/\/lotsdenadal.cat\/es\/wp-json\/wp\/v2\/pages"}],"about":[{"href":"https:\/\/lotsdenadal.cat\/es\/wp-json\/wp\/v2\/types\/page"}],"author":[{"embeddable":true,"href":"https:\/\/lotsdenadal.cat\/es\/wp-json\/wp\/v2\/users\/1"}],"replies":[{"embeddable":true,"href":"https:\/\/lotsdenadal.cat\/es\/wp-json\/wp\/v2\/comments?post=72"}],"version-history":[{"count":0,"href":"https:\/\/lotsdenadal.cat\/es\/wp-json\/wp\/v2\/pages\/72\/revisions"}],"wp:attachment":[{"href":"https:\/\/lotsdenadal.cat\/es\/wp-json\/wp\/v2\/media?parent=72"}],"curies":[{"name":"wp","href":"https:\/\/api.w.org\/{rel}","templated":true}]}}