{"id":57,"date":"2017-08-30T08:43:40","date_gmt":"2017-08-30T06:43:40","guid":{"rendered":"https:\/\/lotsdenadal.cat\/politica-de-privacidad\/"},"modified":"2023-09-18T15:49:53","modified_gmt":"2023-09-18T13:49:53","slug":"politica-de-privacidad","status":"publish","type":"page","link":"https:\/\/lotsdenadal.cat\/es\/politica-de-privacidad\/","title":{"rendered":"Pol\u00edtica de privacidad"},"content":{"rendered":"\n<div class=\"row\"  id=\"row-448069232\">\n\n\n\t<div id=\"col-277122836\" class=\"col medium-3 small-12 large-3\"  >\n\t\t\t\t<div class=\"col-inner\"  >\n\t\t\t\n\t\t\t\n\n<ul class=\"sidebar-wrapper ul-reset\"><\/ul>\n\n\n\t\t<\/div>\n\t\t\t\t\t<\/div>\n\n\t\n\n\t<div id=\"col-766853779\" class=\"col medium-9 small-12 large-9\"  >\n\t\t\t\t<div class=\"col-inner\"  >\n\t\t\t\n\t\t\t\n\n<h1 style=\"font-size: 25.92px;\">POL\u00cdTICA DE PROTECCI\u00d3N Y TRATAMIENTO DE DATOS<\/h1>\n<p>Mediante esta Pol\u00edtica de Protecci\u00f3n y Tratamiento de datos, Manipulados Bages, S.L. quiere facilitar un acceso f\u00e1cil y r\u00e1pido a las principales informaciones relativas a la protecci\u00f3n y tratamiento de datos que lleva a cabo y a los derechos que asisten a las personas interesadas, porque puedan controlar de manera efectiva sus datos.<\/p>\n<h2>LEGISLACI\u00d3N VIGENTE<\/h2>\n<p>Manipulados Bages, S.L. se compromete a respetar la legislaci\u00f3n vigente de protecci\u00f3n y confidencialidad en el tratamiento de datos de car\u00e1cter personal, de acuerdo con el que dispone el Reglamento UE 2016\/679: &lt;&lt;La protecci\u00f3 atorgada pel present Reglament s&#8217;ha d&#8217;aplicar a les persones f\u00edsiques, independentment de la seva nacionalitat o del seu lloc de resid\u00e8ncia, en relaci\u00f3 amb el tractament de les seves dades personals. El present Reglament no regula el tractament de dades personals relatives a persones jur\u00eddiques i en particular a empreses constitu\u00efdes com a persones jur\u00eddiques, incl\u00f2s el nom i la forma de la persona jur\u00eddica i les seves dades de contacte.&gt;&gt;. Por lo tanto, los datos de contacto tales como\u00a0info@; general@, etc. sin persona f\u00edsica no est\u00e1n recogidas por la ley. Este reglamento se aplica al tratamiento de datos contenidos o destinadas a ser incluidas en un fichero, a pesar de que el\u00a0RGPD\u00a0suprime, a partir del 25 de mayo de 2018, la necesidad de crear formalmente ficheros y notificarlos al registro de protecci\u00f3n de datos de las autoridades de control.<\/p>\n<h2>DATOS PERSONALES<\/h2>\n<p>Los datos personales que facilit\u00e1is se grabar\u00e1n a nuestro fichero y se utilizar\u00e1n con el fin de registrar y mantener la relaci\u00f3n administrativa y comercial derivada de la gesti\u00f3n de la solicitud de informaci\u00f3n, para enviar informaci\u00f3n por correo sobre los servicios y productos de Manipulados Bages, S.L.<\/p>\n<h2>PRINCIPIOS Y DERECHOS<\/h2>\n<p>La obtenci\u00f3n y el tratamiento de datos solo ser\u00e1n l\u00edcitos si el interesado facilita sus datos y da su consentimiento por medio de un acto afirmativo que refleje una manifestaci\u00f3n de voluntad libre, espec\u00edfica, informada, e inequ\u00edvoca de aceptar el tratamiento de sus datos personales para uno o varios fines espec\u00edficos. Este acto afirmativo puede ser una declaraci\u00f3n verbal, por escrito, o por medios electr\u00f3nicos como marcar una casilla del sitio web donde se indica que el interesado da su consentimiento. La inacci\u00f3n no constituye consentimiento.\u00a0<\/p>\n<h3>DERECHO DE ACCESO<\/h3>\n<p>El interesado tiene derecho de acceso (recibir sus datos), derecho a oposici\u00f3n, derecho a retirar en cualquier momento el consentimiento, derecho a la rectificaci\u00f3n de datos, derecho a la limitaci\u00f3n del tratamiento cuando el responsable ya no necesite los datos personales para las finalidades del tratamiento pero el interesado las necesite por la formulaci\u00f3n o defensa de reclamaciones, derecho al olvido cuando los datos ya no sean necesarias para el fin para el cual se recogieron, y derecho a presentar una reclamaci\u00f3n ante una autoridad de control.<\/p>\n<h3>DERECHO DE CONFIRMACI\u00d3N<\/h3>\n<p>El interesado tiene derecho a obtener confirmaci\u00f3n de si se est\u00e1n tratando datos personales que lo conciernen y a recibir informaci\u00f3n sobre los destinatarios o terceros a los cuales se comunicaron o se tienen que comunicar los datos personales, como por ejemplo emprendidas de transporte o gestor\u00edas, obteniendo la garant\u00eda de la protecci\u00f3n de sus datos mediante el compromiso de los terceros a proceder a su posterior eliminaci\u00f3n en cuando se haya cumplido el fin para el cual se cedieron los datos. Si Manipulados Bages, S.L. recibe datos de terceros, se compromete a eliminarlas en el momento en que finalice la relaci\u00f3n contractual.<\/p>\n<h3>ACCEDER A VUESTROS DATOS<\/h3>\n<p>Pod\u00e9is acceder a vuestros datos, rectificarlas, suprimirlas, oponeros al tratamiento o solicitar la limitaci\u00f3n enviando un correo a hola@harcogourmet.com o a C\/ Flors de Maig, 7, Bajos, 08241, Manresa (Barcelona), indicando qu\u00e9 derecho ejerc\u00e9is. Manipulados Bages, S.L. \u00a0os informar\u00e1 sobre las acciones derivadas de vuestra petici\u00f3n. Si consider\u00e1is que no hab\u00e9is recibido una respuesta adecuada a vuestra petici\u00f3n, pod\u00e9is presentar una reclamaci\u00f3n a la Autoridad Catalana de Protecci\u00f3n de Datos (http:\/\/apdcat.gencat.cat\/ca\/contacte) o ejercer acciones judiciales.<\/p>\n<h2>SEGURIDAD Y RESPONSABILIDAD<\/h2>\n<p>El responsable del tratamiento de datos que determina los fines y medios es Manipulados Bages, S.L., con domicilio a Flors de Maig, 7, Bajos, 08241, Manresa (Barcelona). Tel\u00e9fono: 931264519.NIF: B60514924. Email: <a href=\"mailto:hola@harcogourmet.com\">hola@harcogourmet.com<\/a><\/p>\n<p>La delegada del tratamiento de datos es la representante de Manipulados Bages, S.L., Montserrat\u00a0Codina\u00a0Estruch, con DNI 47640681E, y se encarga del correcto cumplimiento de la Pol\u00edtica de Protecci\u00f3n y Tratamiento de datos de Manipulados Bages, S.L.<\/p>\n<p>Tal y como establece el Reglamento UE 2016\/679, Manipulados Bages, S.L. ha hecho una evaluaci\u00f3n de los riesgos asociados al tratamiento de datos para determinar las medidas de seguridad organizativas que hay que implementar.<\/p>\n<h3>TRATAMIENTO DE DATOS<\/h3>\n<p>Los datos ser\u00e1n tratados con el grado de protecci\u00f3n legalmente requerido seg\u00fan la\u00a0RGPD, y se tomar\u00e1n las medidas de seguridad necesarias, y se aplicar\u00e1n teniendo en cuenta la naturaleza, el \u00e1mbito, el contexto y las finalidades del tratamiento, para garantizar una seguridad y confidencialidad adecuadas, que se rectifiquen o supriman los datos inexactos, que se permita la identificaci\u00f3n de los interesados para los fines del tratamiento de los datos y para impedir el acceso o uso no autorizados, su p\u00e9rdida, destrucci\u00f3n o da\u00f1o accidental. Estas medidas se revisar\u00e1n mediante un proceso de verificaci\u00f3n, evaluaci\u00f3n y valoraci\u00f3n de la eficacia para garantizar la seguridad del tratamiento, y se actualizar\u00e1n cuando sea necesario.<\/p>\n\n\t\t<\/div>\n\t\t\t\t\t<\/div>\n\n\t\n\n<\/div>\n\n","protected":false},"excerpt":{"rendered":"","protected":false},"author":1,"featured_media":0,"parent":0,"menu_order":60,"comment_status":"closed","ping_status":"closed","template":"","meta":{"_monsterinsights_skip_tracking":false,"_monsterinsights_sitenote_active":false,"_monsterinsights_sitenote_note":"","_monsterinsights_sitenote_category":0,"footnotes":""},"class_list":["post-57","page","type-page","status-publish","hentry"],"yoast_head":"<!-- This site is optimized with the Yoast SEO Premium plugin v25.8 (Yoast SEO v25.8) - https:\/\/yoast.com\/wordpress\/plugins\/seo\/ -->\n<title>Pol\u00edtica de privacidad | Cestas y Lotes de Navidad Harcogourmet<\/title>\n<meta name=\"description\" content=\"Cestas y Lotes de Navidad de calidad. Mantenemos la tradici\u00f3n. Reconocemos el esfuerzo colectivo. Te ayudamos a sorprenderlos.\" \/>\n<meta name=\"robots\" content=\"noindex, follow\" \/>\n<meta property=\"og:locale\" content=\"es_ES\" \/>\n<meta property=\"og:type\" content=\"article\" \/>\n<meta property=\"og:title\" content=\"Pol\u00edtica de privacidad\" \/>\n<meta property=\"og:description\" content=\"Cestas y Lotes de Navidad de calidad. Mantenemos la tradici\u00f3n. Reconocemos el esfuerzo colectivo. Te ayudamos a sorprenderlos.\" \/>\n<meta property=\"og:url\" content=\"https:\/\/lotsdenadal.cat\/es\/politica-de-privacidad\/\" \/>\n<meta property=\"og:site_name\" content=\"Lotes de Navidad\" \/>\n<meta property=\"article:publisher\" content=\"https:\/\/facebook.com\/harcogourmet\" \/>\n<meta property=\"article:modified_time\" content=\"2023-09-18T13:49:53+00:00\" \/>\n<meta property=\"og:image\" content=\"https:\/\/lotsdenadal.cat\/wp-content\/uploads\/2023\/06\/Lots-de-Nadal-Harcogourmet.jpg\" \/>\n\t<meta property=\"og:image:width\" content=\"1200\" \/>\n\t<meta property=\"og:image:height\" content=\"675\" \/>\n\t<meta property=\"og:image:type\" content=\"image\/jpeg\" \/>\n<meta name=\"twitter:card\" content=\"summary_large_image\" \/>\n<meta name=\"twitter:site\" content=\"@harcogourmet\" \/>\n<meta name=\"twitter:label1\" content=\"Tiempo de lectura\" \/>\n\t<meta name=\"twitter:data1\" content=\"5 minutos\" \/>\n<script type=\"application\/ld+json\" class=\"yoast-schema-graph\">{\"@context\":\"https:\/\/schema.org\",\"@graph\":[{\"@type\":\"WebPage\",\"@id\":\"https:\/\/lotsdenadal.cat\/es\/politica-de-privacidad\/\",\"url\":\"https:\/\/lotsdenadal.cat\/es\/politica-de-privacidad\/\",\"name\":\"Pol\u00edtica de privacidad | Cestas y Lotes de Navidad Harcogourmet\",\"isPartOf\":{\"@id\":\"https:\/\/lotsdenadal.cat\/es\/#website\"},\"datePublished\":\"2017-08-30T06:43:40+00:00\",\"dateModified\":\"2023-09-18T13:49:53+00:00\",\"description\":\"Cestas y Lotes de Navidad de calidad. Mantenemos la tradici\u00f3n. Reconocemos el esfuerzo colectivo. Te ayudamos a sorprenderlos.\",\"breadcrumb\":{\"@id\":\"https:\/\/lotsdenadal.cat\/es\/politica-de-privacidad\/#breadcrumb\"},\"inLanguage\":\"es\",\"potentialAction\":[{\"@type\":\"ReadAction\",\"target\":[\"https:\/\/lotsdenadal.cat\/es\/politica-de-privacidad\/\"]}]},{\"@type\":\"BreadcrumbList\",\"@id\":\"https:\/\/lotsdenadal.cat\/es\/politica-de-privacidad\/#breadcrumb\",\"itemListElement\":[{\"@type\":\"ListItem\",\"position\":1,\"name\":\"Inicio\",\"item\":\"https:\/\/lotsdenadal.cat\/es\/\"},{\"@type\":\"ListItem\",\"position\":2,\"name\":\"Pol\u00edtica de privacidad\"}]},{\"@type\":\"WebSite\",\"@id\":\"https:\/\/lotsdenadal.cat\/es\/#website\",\"url\":\"https:\/\/lotsdenadal.cat\/es\/\",\"name\":\"Lots de Nadal Harcogourmet\",\"description\":\"Lotes de Navidad con productos catalanes\",\"publisher\":{\"@id\":\"https:\/\/lotsdenadal.cat\/es\/#organization\"},\"alternateName\":\"LN Harcogourmet\",\"potentialAction\":[{\"@type\":\"SearchAction\",\"target\":{\"@type\":\"EntryPoint\",\"urlTemplate\":\"https:\/\/lotsdenadal.cat\/es\/?s={search_term_string}\"},\"query-input\":{\"@type\":\"PropertyValueSpecification\",\"valueRequired\":true,\"valueName\":\"search_term_string\"}}],\"inLanguage\":\"es\"},{\"@type\":\"Organization\",\"@id\":\"https:\/\/lotsdenadal.cat\/es\/#organization\",\"name\":\"Lotes de Navidad Harcogourmet\",\"alternateName\":\"Harcogourmet\",\"url\":\"https:\/\/lotsdenadal.cat\/es\/\",\"logo\":{\"@type\":\"ImageObject\",\"inLanguage\":\"es\",\"@id\":\"https:\/\/lotsdenadal.cat\/es\/#\/schema\/logo\/image\/\",\"url\":\"https:\/\/lotsdenadal.cat\/wp-content\/uploads\/2023\/06\/HG_negre.png\",\"contentUrl\":\"https:\/\/lotsdenadal.cat\/wp-content\/uploads\/2023\/06\/HG_negre.png\",\"width\":604,\"height\":108,\"caption\":\"Lotes de Navidad Harcogourmet\"},\"image\":{\"@id\":\"https:\/\/lotsdenadal.cat\/es\/#\/schema\/logo\/image\/\"},\"sameAs\":[\"https:\/\/facebook.com\/harcogourmet\",\"https:\/\/x.com\/harcogourmet\",\"https:\/\/instagram.com\/harcogourmet\",\"https:\/\/www.linkedin.com\/company\/3240347\/\",\"https:\/\/www.youtube.com\/channel\/UCoWNvGkEBJxGoCzwURxSrcQ\"]}]}<\/script>\n<!-- \/ Yoast SEO Premium plugin. -->","yoast_head_json":{"title":"Pol\u00edtica de privacidad | Cestas y Lotes de Navidad Harcogourmet","description":"Cestas y Lotes de Navidad de calidad. Mantenemos la tradici\u00f3n. Reconocemos el esfuerzo colectivo. Te ayudamos a sorprenderlos.","robots":{"index":"noindex","follow":"follow"},"og_locale":"es_ES","og_type":"article","og_title":"Pol\u00edtica de privacidad","og_description":"Cestas y Lotes de Navidad de calidad. Mantenemos la tradici\u00f3n. Reconocemos el esfuerzo colectivo. Te ayudamos a sorprenderlos.","og_url":"https:\/\/lotsdenadal.cat\/es\/politica-de-privacidad\/","og_site_name":"Lotes de Navidad","article_publisher":"https:\/\/facebook.com\/harcogourmet","article_modified_time":"2023-09-18T13:49:53+00:00","og_image":[{"width":1200,"height":675,"url":"https:\/\/lotsdenadal.cat\/wp-content\/uploads\/2023\/06\/Lots-de-Nadal-Harcogourmet.jpg","type":"image\/jpeg"}],"twitter_card":"summary_large_image","twitter_site":"@harcogourmet","twitter_misc":{"Tiempo de lectura":"5 minutos"},"schema":{"@context":"https:\/\/schema.org","@graph":[{"@type":"WebPage","@id":"https:\/\/lotsdenadal.cat\/es\/politica-de-privacidad\/","url":"https:\/\/lotsdenadal.cat\/es\/politica-de-privacidad\/","name":"Pol\u00edtica de privacidad | Cestas y Lotes de Navidad Harcogourmet","isPartOf":{"@id":"https:\/\/lotsdenadal.cat\/es\/#website"},"datePublished":"2017-08-30T06:43:40+00:00","dateModified":"2023-09-18T13:49:53+00:00","description":"Cestas y Lotes de Navidad de calidad. Mantenemos la tradici\u00f3n. Reconocemos el esfuerzo colectivo. Te ayudamos a sorprenderlos.","breadcrumb":{"@id":"https:\/\/lotsdenadal.cat\/es\/politica-de-privacidad\/#breadcrumb"},"inLanguage":"es","potentialAction":[{"@type":"ReadAction","target":["https:\/\/lotsdenadal.cat\/es\/politica-de-privacidad\/"]}]},{"@type":"BreadcrumbList","@id":"https:\/\/lotsdenadal.cat\/es\/politica-de-privacidad\/#breadcrumb","itemListElement":[{"@type":"ListItem","position":1,"name":"Inicio","item":"https:\/\/lotsdenadal.cat\/es\/"},{"@type":"ListItem","position":2,"name":"Pol\u00edtica de privacidad"}]},{"@type":"WebSite","@id":"https:\/\/lotsdenadal.cat\/es\/#website","url":"https:\/\/lotsdenadal.cat\/es\/","name":"Lots de Nadal Harcogourmet","description":"Lotes de Navidad con productos catalanes","publisher":{"@id":"https:\/\/lotsdenadal.cat\/es\/#organization"},"alternateName":"LN Harcogourmet","potentialAction":[{"@type":"SearchAction","target":{"@type":"EntryPoint","urlTemplate":"https:\/\/lotsdenadal.cat\/es\/?s={search_term_string}"},"query-input":{"@type":"PropertyValueSpecification","valueRequired":true,"valueName":"search_term_string"}}],"inLanguage":"es"},{"@type":"Organization","@id":"https:\/\/lotsdenadal.cat\/es\/#organization","name":"Lotes de Navidad Harcogourmet","alternateName":"Harcogourmet","url":"https:\/\/lotsdenadal.cat\/es\/","logo":{"@type":"ImageObject","inLanguage":"es","@id":"https:\/\/lotsdenadal.cat\/es\/#\/schema\/logo\/image\/","url":"https:\/\/lotsdenadal.cat\/wp-content\/uploads\/2023\/06\/HG_negre.png","contentUrl":"https:\/\/lotsdenadal.cat\/wp-content\/uploads\/2023\/06\/HG_negre.png","width":604,"height":108,"caption":"Lotes de Navidad Harcogourmet"},"image":{"@id":"https:\/\/lotsdenadal.cat\/es\/#\/schema\/logo\/image\/"},"sameAs":["https:\/\/facebook.com\/harcogourmet","https:\/\/x.com\/harcogourmet","https:\/\/instagram.com\/harcogourmet","https:\/\/www.linkedin.com\/company\/3240347\/","https:\/\/www.youtube.com\/channel\/UCoWNvGkEBJxGoCzwURxSrcQ"]}]}},"_links":{"self":[{"href":"https:\/\/lotsdenadal.cat\/es\/wp-json\/wp\/v2\/pages\/57","targetHints":{"allow":["GET"]}}],"collection":[{"href":"https:\/\/lotsdenadal.cat\/es\/wp-json\/wp\/v2\/pages"}],"about":[{"href":"https:\/\/lotsdenadal.cat\/es\/wp-json\/wp\/v2\/types\/page"}],"author":[{"embeddable":true,"href":"https:\/\/lotsdenadal.cat\/es\/wp-json\/wp\/v2\/users\/1"}],"replies":[{"embeddable":true,"href":"https:\/\/lotsdenadal.cat\/es\/wp-json\/wp\/v2\/comments?post=57"}],"version-history":[{"count":0,"href":"https:\/\/lotsdenadal.cat\/es\/wp-json\/wp\/v2\/pages\/57\/revisions"}],"wp:attachment":[{"href":"https:\/\/lotsdenadal.cat\/es\/wp-json\/wp\/v2\/media?parent=57"}],"curies":[{"name":"wp","href":"https:\/\/api.w.org\/{rel}","templated":true}]}}